{"id":6435,"date":"2022-11-03T10:01:16","date_gmt":"2022-11-03T09:01:16","guid":{"rendered":"https:\/\/akmcl.sk\/?page_id=6435"},"modified":"2022-11-03T10:10:43","modified_gmt":"2022-11-03T09:10:43","slug":"robert-kollarovic","status":"publish","type":"page","link":"https:\/\/akmcl.sk\/en\/robert-kollarovic\/","title":{"rendered":"R\u00f3bert Kollarovi\u010d"},"content":{"rendered":"<p>[vc_row][vc_column]<div class=\"qodef-section-title-holder  \" style=\"text-align: center\">\n\t<div class=\"qodef-st-inner\">\n\t\t\t\t\t<h1 class=\"qodef-st-title\" style=\"color: #e58058\">\n\t\t\t\tR\u00f3bert Kollarovi\u010d \t\t\t<\/h1>\n\t\t\n\t\t\n\t\t<div class=\"qodef-separator-holder clearfix  qodef-separator-center \">\n\t<div class=\"qodef-separator\" style=\"border-color: #e58058;width: 40px;border-bottom-width: 1px\"><\/div>\n<\/div>\n\n\t\t\t\t\t<\/div>\n<\/div>[\/vc_column][\/vc_row][vc_row][vc_column width=&#8221;1\/4&#8243;][vc_empty_space height=&#8221;12px&#8221;][vc_single_image image=&#8221;6421&#8243; img_size=&#8221;full&#8221;][\/vc_column][vc_column width=&#8221;3\/4&#8243;][vc_column_text]R\u00f3bert deals with commercial and civil law with a focus on consumer protection.<\/p>\n<p>Before joining MCL, R\u00f3bert worked for 2.5 years at the National Bank of Slovakia.<\/p>\n<p>In his free time, R\u00f3bert is engaged in sports, traveling and learning foreign languages.[\/vc_column_text][vc_row_inner][vc_column_inner width=&#8221;1\/3&#8243;][vc_empty_space height=&#8221;12px&#8221;][vc_column_text]<\/p>\n<div class=\"box\">\n<p><img decoding=\"async\" src=\"https:\/\/akmcl.sk\/wp-content\/uploads\/2022\/03\/vzdelanie-akmcl-ikona-1.png\" \/><\/p>\n<h4>EDUCATION<\/h4>\n<\/div>\n<p>[\/vc_column_text][\/vc_column_inner][vc_column_inner width=&#8221;1\/3&#8243;][\/vc_column_inner][vc_column_inner width=&#8221;1\/3&#8243;][\/vc_column_inner][\/vc_row_inner][vc_column_text]Trnava University in Trnava, Faculty of Law (Mgr., 2019)[\/vc_column_text][vc_row_inner][vc_column_inner width=&#8221;1\/3&#8243;][vc_empty_space][vc_single_image image=&#8221;5623&#8243; img_size=&#8221;50&#215;50&#8243;][vc_column_text]<\/p>\n<h4 style=\"text-align: left;\">Position<\/h4>\n<p>[\/vc_column_text][vc_column_text]Junior Associate[\/vc_column_text][vc_empty_space][\/vc_column_inner][vc_column_inner width=&#8221;1\/3&#8243;][vc_empty_space][vc_single_image image=&#8221;5622&#8243; img_size=&#8221;50&#215;50&#8243;][vc_column_text]<\/p>\n<h4 style=\"text-align: left;\">Languages<\/h4>\n<p>[\/vc_column_text][vc_column_text]Slovak, English, French, Spanish[\/vc_column_text][vc_empty_space][\/vc_column_inner][vc_column_inner width=&#8221;1\/3&#8243;][vc_empty_space][vc_single_image image=&#8221;5619&#8243; img_size=&#8221;50&#215;50&#8243;][vc_column_text]<\/p>\n<h4 style=\"text-align: left;\">Contact<\/h4>\n<p>[\/vc_column_text][vc_column_text]<a href=\"mailto:kollarovic@akmcl.sk\">kollarovic@akmcl.sk<\/a>[\/vc_column_text][vc_empty_space][\/vc_column_inner][\/vc_row_inner][\/vc_column][\/vc_row]<\/p>\n","protected":false},"excerpt":{"rendered":"<p>[vc_row][vc_column][\/vc_column][\/vc_row][vc_row][vc_column width=&#8221;1\/4&#8243;][vc_empty_space height=&#8221;12px&#8221;][vc_single_image image=&#8221;6421&#8243; img_size=&#8221;full&#8221;][\/vc_column][vc_column width=&#8221;3\/4&#8243;][vc_column_text]R\u00f3bert deals with commercial and civil law with a focus on consumer protection. Before joining MCL, R\u00f3bert worked for 2.5 years at the National Bank of Slovakia. In his free time, R\u00f3bert is engaged in [&hellip;]<\/p>\n","protected":false},"author":5,"featured_media":0,"parent":0,"menu_order":0,"comment_status":"closed","ping_status":"closed","template":"","meta":{"_monsterinsights_skip_tracking":false,"_monsterinsights_sitenote_active":false,"_monsterinsights_sitenote_note":"","_monsterinsights_sitenote_category":0},"yoast_head":"<!-- This site is optimized with the Yoast SEO plugin v19.0 - https:\/\/yoast.com\/wordpress\/plugins\/seo\/ -->\n<title>R\u00f3bert Kollarovi\u010d - AKMCL<\/title>\n<meta name=\"description\" content=\"R\u00f3bert deals with commercial and civil law with a focus on consumer protection.Before joining MCL, R\u00f3bert worked ...\" \/>\n<meta name=\"robots\" content=\"index, follow, max-snippet:-1, max-image-preview:large, max-video-preview:-1\" \/>\n<link rel=\"canonical\" href=\"https:\/\/akmcl.sk\/en\/robert-kollarovic\/\" \/>\n<meta property=\"og:locale\" content=\"en_US\" \/>\n<meta property=\"og:type\" content=\"article\" \/>\n<meta property=\"og:title\" content=\"R\u00f3bert Kollarovi\u010d - AKMCL\" \/>\n<meta property=\"og:description\" content=\"R\u00f3bert deals with commercial and civil law with a focus on consumer protection.Before joining MCL, R\u00f3bert worked ...\" \/>\n<meta property=\"og:url\" content=\"https:\/\/akmcl.sk\/en\/robert-kollarovic\/\" \/>\n<meta property=\"og:site_name\" content=\"AKMCL\" \/>\n<meta property=\"article:publisher\" content=\"https:\/\/www.facebook.com\/advokatskakancelariamcl\" \/>\n<meta property=\"article:modified_time\" content=\"2022-11-03T09:10:43+00:00\" \/>\n<meta property=\"og:image\" content=\"https:\/\/akmcl.sk\/wp-content\/uploads\/2022\/03\/vzdelanie-akmcl-ikona-1.png\" \/>\n<meta name=\"twitter:card\" content=\"summary_large_image\" \/>\n<meta name=\"twitter:label1\" content=\"Est. reading time\" \/>\n\t<meta name=\"twitter:data1\" content=\"1 minute\" \/>\n<script type=\"application\/ld+json\" class=\"yoast-schema-graph\">{\"@context\":\"https:\/\/schema.org\",\"@graph\":[{\"@type\":\"Organization\",\"@id\":\"https:\/\/akmcl.sk\/#organization\",\"name\":\"Advok\u00e1tska kancel\u00e1ria MCL s.r.o.\",\"url\":\"https:\/\/akmcl.sk\/\",\"sameAs\":[\"https:\/\/www.linkedin.com\/company\/advoktska-kancelria-mcl-s-r-o\",\"https:\/\/www.facebook.com\/advokatskakancelariamcl\"],\"logo\":{\"@type\":\"ImageObject\",\"inLanguage\":\"en-US\",\"@id\":\"https:\/\/akmcl.sk\/#\/schema\/logo\/image\/\",\"url\":\"https:\/\/akmcl.sk\/wp-content\/uploads\/2022\/05\/logo-akmcl-2.png\",\"contentUrl\":\"https:\/\/akmcl.sk\/wp-content\/uploads\/2022\/05\/logo-akmcl-2.png\",\"width\":280,\"height\":129,\"caption\":\"Advok\u00e1tska kancel\u00e1ria MCL s.r.o.\"},\"image\":{\"@id\":\"https:\/\/akmcl.sk\/#\/schema\/logo\/image\/\"}},{\"@type\":\"WebSite\",\"@id\":\"https:\/\/akmcl.sk\/#website\",\"url\":\"https:\/\/akmcl.sk\/\",\"name\":\"AKMCL\",\"description\":\"Len \u010fal\u0161ia WordPress str\u00e1nka\",\"publisher\":{\"@id\":\"https:\/\/akmcl.sk\/#organization\"},\"potentialAction\":[{\"@type\":\"SearchAction\",\"target\":{\"@type\":\"EntryPoint\",\"urlTemplate\":\"https:\/\/akmcl.sk\/?s={search_term_string}\"},\"query-input\":\"required name=search_term_string\"}],\"inLanguage\":\"en-US\"},{\"@type\":\"ImageObject\",\"inLanguage\":\"en-US\",\"@id\":\"https:\/\/akmcl.sk\/en\/robert-kollarovic\/#primaryimage\",\"url\":\"https:\/\/akmcl.sk\/wp-content\/uploads\/2022\/03\/vzdelanie-akmcl-ikona-1.png\",\"contentUrl\":\"https:\/\/akmcl.sk\/wp-content\/uploads\/2022\/03\/vzdelanie-akmcl-ikona-1.png\",\"width\":50,\"height\":50},{\"@type\":\"WebPage\",\"@id\":\"https:\/\/akmcl.sk\/en\/robert-kollarovic\/#webpage\",\"url\":\"https:\/\/akmcl.sk\/en\/robert-kollarovic\/\",\"name\":\"R\u00f3bert Kollarovi\u010d - AKMCL\",\"isPartOf\":{\"@id\":\"https:\/\/akmcl.sk\/#website\"},\"primaryImageOfPage\":{\"@id\":\"https:\/\/akmcl.sk\/en\/robert-kollarovic\/#primaryimage\"},\"datePublished\":\"2022-11-03T09:01:16+00:00\",\"dateModified\":\"2022-11-03T09:10:43+00:00\",\"description\":\"R\u00f3bert deals with commercial and civil law with a focus on consumer protection.Before joining MCL, R\u00f3bert worked ...\",\"breadcrumb\":{\"@id\":\"https:\/\/akmcl.sk\/en\/robert-kollarovic\/#breadcrumb\"},\"inLanguage\":\"en-US\",\"potentialAction\":[{\"@type\":\"ReadAction\",\"target\":[\"https:\/\/akmcl.sk\/en\/robert-kollarovic\/\"]}]},{\"@type\":\"BreadcrumbList\",\"@id\":\"https:\/\/akmcl.sk\/en\/robert-kollarovic\/#breadcrumb\",\"itemListElement\":[{\"@type\":\"ListItem\",\"position\":1,\"name\":\"Domovsk\u00e1 str\u00e1nka\",\"item\":\"https:\/\/akmcl.sk\/en\/\"},{\"@type\":\"ListItem\",\"position\":2,\"name\":\"R\u00f3bert Kollarovi\u010d\"}]}]}<\/script>\n<!-- \/ Yoast SEO plugin. -->","yoast_head_json":{"title":"R\u00f3bert Kollarovi\u010d - AKMCL","description":"R\u00f3bert deals with commercial and civil law with a focus on consumer protection.Before joining MCL, R\u00f3bert worked ...","robots":{"index":"index","follow":"follow","max-snippet":"max-snippet:-1","max-image-preview":"max-image-preview:large","max-video-preview":"max-video-preview:-1"},"canonical":"https:\/\/akmcl.sk\/en\/robert-kollarovic\/","og_locale":"en_US","og_type":"article","og_title":"R\u00f3bert Kollarovi\u010d - AKMCL","og_description":"R\u00f3bert deals with commercial and civil law with a focus on consumer protection.Before joining MCL, R\u00f3bert worked ...","og_url":"https:\/\/akmcl.sk\/en\/robert-kollarovic\/","og_site_name":"AKMCL","article_publisher":"https:\/\/www.facebook.com\/advokatskakancelariamcl","article_modified_time":"2022-11-03T09:10:43+00:00","og_image":[{"url":"https:\/\/akmcl.sk\/wp-content\/uploads\/2022\/03\/vzdelanie-akmcl-ikona-1.png"}],"twitter_card":"summary_large_image","twitter_misc":{"Est. reading time":"1 minute"},"schema":{"@context":"https:\/\/schema.org","@graph":[{"@type":"Organization","@id":"https:\/\/akmcl.sk\/#organization","name":"Advok\u00e1tska kancel\u00e1ria MCL s.r.o.","url":"https:\/\/akmcl.sk\/","sameAs":["https:\/\/www.linkedin.com\/company\/advoktska-kancelria-mcl-s-r-o","https:\/\/www.facebook.com\/advokatskakancelariamcl"],"logo":{"@type":"ImageObject","inLanguage":"en-US","@id":"https:\/\/akmcl.sk\/#\/schema\/logo\/image\/","url":"https:\/\/akmcl.sk\/wp-content\/uploads\/2022\/05\/logo-akmcl-2.png","contentUrl":"https:\/\/akmcl.sk\/wp-content\/uploads\/2022\/05\/logo-akmcl-2.png","width":280,"height":129,"caption":"Advok\u00e1tska kancel\u00e1ria MCL s.r.o."},"image":{"@id":"https:\/\/akmcl.sk\/#\/schema\/logo\/image\/"}},{"@type":"WebSite","@id":"https:\/\/akmcl.sk\/#website","url":"https:\/\/akmcl.sk\/","name":"AKMCL","description":"Len \u010fal\u0161ia WordPress str\u00e1nka","publisher":{"@id":"https:\/\/akmcl.sk\/#organization"},"potentialAction":[{"@type":"SearchAction","target":{"@type":"EntryPoint","urlTemplate":"https:\/\/akmcl.sk\/?s={search_term_string}"},"query-input":"required name=search_term_string"}],"inLanguage":"en-US"},{"@type":"ImageObject","inLanguage":"en-US","@id":"https:\/\/akmcl.sk\/en\/robert-kollarovic\/#primaryimage","url":"https:\/\/akmcl.sk\/wp-content\/uploads\/2022\/03\/vzdelanie-akmcl-ikona-1.png","contentUrl":"https:\/\/akmcl.sk\/wp-content\/uploads\/2022\/03\/vzdelanie-akmcl-ikona-1.png","width":50,"height":50},{"@type":"WebPage","@id":"https:\/\/akmcl.sk\/en\/robert-kollarovic\/#webpage","url":"https:\/\/akmcl.sk\/en\/robert-kollarovic\/","name":"R\u00f3bert Kollarovi\u010d - AKMCL","isPartOf":{"@id":"https:\/\/akmcl.sk\/#website"},"primaryImageOfPage":{"@id":"https:\/\/akmcl.sk\/en\/robert-kollarovic\/#primaryimage"},"datePublished":"2022-11-03T09:01:16+00:00","dateModified":"2022-11-03T09:10:43+00:00","description":"R\u00f3bert deals with commercial and civil law with a focus on consumer protection.Before joining MCL, R\u00f3bert worked ...","breadcrumb":{"@id":"https:\/\/akmcl.sk\/en\/robert-kollarovic\/#breadcrumb"},"inLanguage":"en-US","potentialAction":[{"@type":"ReadAction","target":["https:\/\/akmcl.sk\/en\/robert-kollarovic\/"]}]},{"@type":"BreadcrumbList","@id":"https:\/\/akmcl.sk\/en\/robert-kollarovic\/#breadcrumb","itemListElement":[{"@type":"ListItem","position":1,"name":"Domovsk\u00e1 str\u00e1nka","item":"https:\/\/akmcl.sk\/en\/"},{"@type":"ListItem","position":2,"name":"R\u00f3bert Kollarovi\u010d"}]}]}},"_links":{"self":[{"href":"https:\/\/akmcl.sk\/en\/wp-json\/wp\/v2\/pages\/6435"}],"collection":[{"href":"https:\/\/akmcl.sk\/en\/wp-json\/wp\/v2\/pages"}],"about":[{"href":"https:\/\/akmcl.sk\/en\/wp-json\/wp\/v2\/types\/page"}],"author":[{"embeddable":true,"href":"https:\/\/akmcl.sk\/en\/wp-json\/wp\/v2\/users\/5"}],"replies":[{"embeddable":true,"href":"https:\/\/akmcl.sk\/en\/wp-json\/wp\/v2\/comments?post=6435"}],"version-history":[{"count":1,"href":"https:\/\/akmcl.sk\/en\/wp-json\/wp\/v2\/pages\/6435\/revisions"}],"predecessor-version":[{"id":6436,"href":"https:\/\/akmcl.sk\/en\/wp-json\/wp\/v2\/pages\/6435\/revisions\/6436"}],"wp:attachment":[{"href":"https:\/\/akmcl.sk\/en\/wp-json\/wp\/v2\/media?parent=6435"}],"curies":[{"name":"wp","href":"https:\/\/api.w.org\/{rel}","templated":true}]}}