{"id":5893,"date":"2022-03-29T14:08:01","date_gmt":"2022-03-29T12:08:01","guid":{"rendered":"https:\/\/akmcl.sk\/legal-notice\/"},"modified":"2022-06-08T12:56:37","modified_gmt":"2022-06-08T10:56:37","slug":"legal-notice","status":"publish","type":"page","link":"https:\/\/akmcl.sk\/en\/legal-notice\/","title":{"rendered":"Legal Notice"},"content":{"rendered":"<h3><span style=\"color: #e48157;\">Legal Notice<\/span><\/h3>\n<p>Status as a Limited Liability Company licensed to practice law<\/p>\n<p>Advok\u00e1tska kancel\u00e1ria MCL, s.r.o. is a law firm with its seat at Mostov\u00e1 2, 811 02 Bratislava, Slovak Republic, registered in the Commercial Register maintained by the Bratislava I District Court, Section Sro, Insert No. 107926\/B, ID No: 50074369<\/p>\n<p>&nbsp;<\/p>\n<p>Professional Qualifications \/ Admissions<\/p>\n<p>Advok\u00e1tska kancel\u00e1ria MCL, s.r.o. is authorized to provide legal services and is registered in the list of limited liability companies maintained by the Slovak Bar Association based at Kol\u00e1rska 4, 813 42 Bratislava; it provides legal services in accordance with the regulations available at www.sak.sk.<\/p>\n<p>&nbsp;<\/p>\n<p>Professional Codes of Practice<\/p>\n<p>The relevant professional regulations for attorneys are Act No. 586\/2003 Coll., dated December 4, 2003 on Advocacy, as amended, the Rules of Professional Conduct and other internal rules and regulations issued by the Slovak Bar Association.<\/p>\n","protected":false},"excerpt":{"rendered":"<p>Legal Notice Status as a Limited Liability Company licensed to practice law Advok\u00e1tska kancel\u00e1ria MCL, s.r.o. is a law firm with its seat at Mostov\u00e1 2, 811 02 Bratislava, Slovak Republic, registered in the Commercial Register maintained by the Bratislava [&hellip;]<\/p>\n","protected":false},"author":1,"featured_media":0,"parent":0,"menu_order":0,"comment_status":"closed","ping_status":"closed","template":"","meta":{"_monsterinsights_skip_tracking":false,"_monsterinsights_sitenote_active":false,"_monsterinsights_sitenote_note":"","_monsterinsights_sitenote_category":0},"yoast_head":"<!-- This site is optimized with the Yoast SEO plugin v19.0 - https:\/\/yoast.com\/wordpress\/plugins\/seo\/ -->\n<title>Legal Notice - AKMCL<\/title>\n<meta name=\"description\" content=\"Legal nitoce - Advok\u00e1tska kancel\u00e1ria MCL, s.r.o. is authorized to provide legal services and is registered in the list of limited ...\" \/>\n<meta name=\"robots\" content=\"index, follow, max-snippet:-1, max-image-preview:large, max-video-preview:-1\" \/>\n<link rel=\"canonical\" href=\"https:\/\/akmcl.sk\/en\/legal-notice\/\" \/>\n<meta property=\"og:locale\" content=\"en_US\" \/>\n<meta property=\"og:type\" content=\"article\" \/>\n<meta property=\"og:title\" content=\"Legal Notice - AKMCL\" \/>\n<meta property=\"og:description\" content=\"Legal nitoce - Advok\u00e1tska kancel\u00e1ria MCL, s.r.o. is authorized to provide legal services and is registered in the list of limited ...\" \/>\n<meta property=\"og:url\" content=\"https:\/\/akmcl.sk\/en\/legal-notice\/\" \/>\n<meta property=\"og:site_name\" content=\"AKMCL\" \/>\n<meta property=\"article:publisher\" content=\"https:\/\/www.facebook.com\/advokatskakancelariamcl\" \/>\n<meta property=\"article:modified_time\" content=\"2022-06-08T10:56:37+00:00\" \/>\n<meta name=\"twitter:card\" content=\"summary_large_image\" \/>\n<meta name=\"twitter:label1\" content=\"Est. reading time\" \/>\n\t<meta name=\"twitter:data1\" content=\"1 minute\" \/>\n<script type=\"application\/ld+json\" class=\"yoast-schema-graph\">{\"@context\":\"https:\/\/schema.org\",\"@graph\":[{\"@type\":\"Organization\",\"@id\":\"https:\/\/akmcl.sk\/#organization\",\"name\":\"Advok\u00e1tska kancel\u00e1ria MCL s.r.o.\",\"url\":\"https:\/\/akmcl.sk\/\",\"sameAs\":[\"https:\/\/www.linkedin.com\/company\/advoktska-kancelria-mcl-s-r-o\",\"https:\/\/www.facebook.com\/advokatskakancelariamcl\"],\"logo\":{\"@type\":\"ImageObject\",\"inLanguage\":\"en-US\",\"@id\":\"https:\/\/akmcl.sk\/#\/schema\/logo\/image\/\",\"url\":\"https:\/\/akmcl.sk\/wp-content\/uploads\/2022\/05\/logo-akmcl-2.png\",\"contentUrl\":\"https:\/\/akmcl.sk\/wp-content\/uploads\/2022\/05\/logo-akmcl-2.png\",\"width\":280,\"height\":129,\"caption\":\"Advok\u00e1tska kancel\u00e1ria MCL s.r.o.\"},\"image\":{\"@id\":\"https:\/\/akmcl.sk\/#\/schema\/logo\/image\/\"}},{\"@type\":\"WebSite\",\"@id\":\"https:\/\/akmcl.sk\/#website\",\"url\":\"https:\/\/akmcl.sk\/\",\"name\":\"AKMCL\",\"description\":\"Len \u010fal\u0161ia WordPress str\u00e1nka\",\"publisher\":{\"@id\":\"https:\/\/akmcl.sk\/#organization\"},\"potentialAction\":[{\"@type\":\"SearchAction\",\"target\":{\"@type\":\"EntryPoint\",\"urlTemplate\":\"https:\/\/akmcl.sk\/?s={search_term_string}\"},\"query-input\":\"required name=search_term_string\"}],\"inLanguage\":\"en-US\"},{\"@type\":\"WebPage\",\"@id\":\"https:\/\/akmcl.sk\/en\/legal-notice\/#webpage\",\"url\":\"https:\/\/akmcl.sk\/en\/legal-notice\/\",\"name\":\"Legal Notice - AKMCL\",\"isPartOf\":{\"@id\":\"https:\/\/akmcl.sk\/#website\"},\"datePublished\":\"2022-03-29T12:08:01+00:00\",\"dateModified\":\"2022-06-08T10:56:37+00:00\",\"description\":\"Legal nitoce - Advok\u00e1tska kancel\u00e1ria MCL, s.r.o. is authorized to provide legal services and is registered in the list of limited ...\",\"breadcrumb\":{\"@id\":\"https:\/\/akmcl.sk\/en\/legal-notice\/#breadcrumb\"},\"inLanguage\":\"en-US\",\"potentialAction\":[{\"@type\":\"ReadAction\",\"target\":[\"https:\/\/akmcl.sk\/en\/legal-notice\/\"]}]},{\"@type\":\"BreadcrumbList\",\"@id\":\"https:\/\/akmcl.sk\/en\/legal-notice\/#breadcrumb\",\"itemListElement\":[{\"@type\":\"ListItem\",\"position\":1,\"name\":\"Domovsk\u00e1 str\u00e1nka\",\"item\":\"https:\/\/akmcl.sk\/en\/\"},{\"@type\":\"ListItem\",\"position\":2,\"name\":\"Legal Notice\"}]}]}<\/script>\n<!-- \/ Yoast SEO plugin. -->","yoast_head_json":{"title":"Legal Notice - AKMCL","description":"Legal nitoce - Advok\u00e1tska kancel\u00e1ria MCL, s.r.o. is authorized to provide legal services and is registered in the list of limited ...","robots":{"index":"index","follow":"follow","max-snippet":"max-snippet:-1","max-image-preview":"max-image-preview:large","max-video-preview":"max-video-preview:-1"},"canonical":"https:\/\/akmcl.sk\/en\/legal-notice\/","og_locale":"en_US","og_type":"article","og_title":"Legal Notice - AKMCL","og_description":"Legal nitoce - Advok\u00e1tska kancel\u00e1ria MCL, s.r.o. is authorized to provide legal services and is registered in the list of limited ...","og_url":"https:\/\/akmcl.sk\/en\/legal-notice\/","og_site_name":"AKMCL","article_publisher":"https:\/\/www.facebook.com\/advokatskakancelariamcl","article_modified_time":"2022-06-08T10:56:37+00:00","twitter_card":"summary_large_image","twitter_misc":{"Est. reading time":"1 minute"},"schema":{"@context":"https:\/\/schema.org","@graph":[{"@type":"Organization","@id":"https:\/\/akmcl.sk\/#organization","name":"Advok\u00e1tska kancel\u00e1ria MCL s.r.o.","url":"https:\/\/akmcl.sk\/","sameAs":["https:\/\/www.linkedin.com\/company\/advoktska-kancelria-mcl-s-r-o","https:\/\/www.facebook.com\/advokatskakancelariamcl"],"logo":{"@type":"ImageObject","inLanguage":"en-US","@id":"https:\/\/akmcl.sk\/#\/schema\/logo\/image\/","url":"https:\/\/akmcl.sk\/wp-content\/uploads\/2022\/05\/logo-akmcl-2.png","contentUrl":"https:\/\/akmcl.sk\/wp-content\/uploads\/2022\/05\/logo-akmcl-2.png","width":280,"height":129,"caption":"Advok\u00e1tska kancel\u00e1ria MCL s.r.o."},"image":{"@id":"https:\/\/akmcl.sk\/#\/schema\/logo\/image\/"}},{"@type":"WebSite","@id":"https:\/\/akmcl.sk\/#website","url":"https:\/\/akmcl.sk\/","name":"AKMCL","description":"Len \u010fal\u0161ia WordPress str\u00e1nka","publisher":{"@id":"https:\/\/akmcl.sk\/#organization"},"potentialAction":[{"@type":"SearchAction","target":{"@type":"EntryPoint","urlTemplate":"https:\/\/akmcl.sk\/?s={search_term_string}"},"query-input":"required name=search_term_string"}],"inLanguage":"en-US"},{"@type":"WebPage","@id":"https:\/\/akmcl.sk\/en\/legal-notice\/#webpage","url":"https:\/\/akmcl.sk\/en\/legal-notice\/","name":"Legal Notice - AKMCL","isPartOf":{"@id":"https:\/\/akmcl.sk\/#website"},"datePublished":"2022-03-29T12:08:01+00:00","dateModified":"2022-06-08T10:56:37+00:00","description":"Legal nitoce - Advok\u00e1tska kancel\u00e1ria MCL, s.r.o. is authorized to provide legal services and is registered in the list of limited ...","breadcrumb":{"@id":"https:\/\/akmcl.sk\/en\/legal-notice\/#breadcrumb"},"inLanguage":"en-US","potentialAction":[{"@type":"ReadAction","target":["https:\/\/akmcl.sk\/en\/legal-notice\/"]}]},{"@type":"BreadcrumbList","@id":"https:\/\/akmcl.sk\/en\/legal-notice\/#breadcrumb","itemListElement":[{"@type":"ListItem","position":1,"name":"Domovsk\u00e1 str\u00e1nka","item":"https:\/\/akmcl.sk\/en\/"},{"@type":"ListItem","position":2,"name":"Legal Notice"}]}]}},"_links":{"self":[{"href":"https:\/\/akmcl.sk\/en\/wp-json\/wp\/v2\/pages\/5893"}],"collection":[{"href":"https:\/\/akmcl.sk\/en\/wp-json\/wp\/v2\/pages"}],"about":[{"href":"https:\/\/akmcl.sk\/en\/wp-json\/wp\/v2\/types\/page"}],"author":[{"embeddable":true,"href":"https:\/\/akmcl.sk\/en\/wp-json\/wp\/v2\/users\/1"}],"replies":[{"embeddable":true,"href":"https:\/\/akmcl.sk\/en\/wp-json\/wp\/v2\/comments?post=5893"}],"version-history":[{"count":1,"href":"https:\/\/akmcl.sk\/en\/wp-json\/wp\/v2\/pages\/5893\/revisions"}],"predecessor-version":[{"id":5931,"href":"https:\/\/akmcl.sk\/en\/wp-json\/wp\/v2\/pages\/5893\/revisions\/5931"}],"wp:attachment":[{"href":"https:\/\/akmcl.sk\/en\/wp-json\/wp\/v2\/media?parent=5893"}],"curies":[{"name":"wp","href":"https:\/\/api.w.org\/{rel}","templated":true}]}}