{"id":5769,"date":"2022-03-18T06:47:25","date_gmt":"2022-03-18T05:47:25","guid":{"rendered":"https:\/\/akmcl.sk\/nikola-pavlikova\/"},"modified":"2022-06-08T13:27:51","modified_gmt":"2022-06-08T11:27:51","slug":"nikola-pavlikova","status":"publish","type":"page","link":"https:\/\/akmcl.sk\/en\/nikola-pavlikova\/","title":{"rendered":"Nikola Pavl\u00edkov\u00e1"},"content":{"rendered":"<p>[vc_row][vc_column]<div class=\"qodef-section-title-holder  \" style=\"text-align: center\">\n\t<div class=\"qodef-st-inner\">\n\t\t\t\t\t<h1 class=\"qodef-st-title\" style=\"color: #e58058\">\n\t\t\t\tNikola Pavl\u00edkov\u00e1\t\t\t<\/h1>\n\t\t\n\t\t\n\t\t<div class=\"qodef-separator-holder clearfix  qodef-separator-center \">\n\t<div class=\"qodef-separator\" style=\"border-color: #e58058;width: 40px;border-bottom-width: 1px\"><\/div>\n<\/div>\n\n\t\t\t\t\t<\/div>\n<\/div>[\/vc_column][\/vc_row][vc_row][vc_column width=&#8221;1\/4&#8243;][vc_empty_space height=&#8221;12px&#8221;][vc_single_image image=&#8221;5543&#8243; img_size=&#8221;full&#8221;][\/vc_column][vc_column width=&#8221;3\/4&#8243;][vc_column_text]Nikola specializes in civil and commercial law, company law, mergers and acquisitions, contract law and employment law.<\/p>\n<p>She has participated in several M&amp;A transactions and assisted in legal due diligence investigations and the preparation of various legal analyses and transaction documentation.<\/p>\n<p>Nikola has been riding horses since her early childhood. She likes to spend her free time in the Male Karpaty mountains with her dog.[\/vc_column_text][vc_row_inner][vc_column_inner el_class=&#8221;obrazok&#8221; width=&#8221;1\/3&#8243;][vc_empty_space height=&#8221;12px&#8221;][vc_column_text]<\/p>\n<div class=\"box\">\n<p><img decoding=\"async\" src=\"https:\/\/akmcl.sk\/wp-content\/uploads\/2022\/03\/vzdelanie-akmcl-ikona-1.png\" \/><\/p>\n<h4>EDUCATION<\/h4>\n<p>&nbsp;<\/p>\n<\/div>\n<p>[\/vc_column_text][\/vc_column_inner][vc_column_inner width=&#8221;1\/3&#8243;][\/vc_column_inner][vc_column_inner width=&#8221;1\/3&#8243;][\/vc_column_inner][\/vc_row_inner][vc_column_text el_class=&#8221;text&#8221;]Comenius University in Bratislava, Faculty of Law (Mgr., 2016)[\/vc_column_text][vc_row_inner][vc_column_inner width=&#8221;1\/3&#8243;][vc_empty_space][vc_single_image image=&#8221;5623&#8243; img_size=&#8221;50&#215;50&#8243;][vc_column_text]<\/p>\n<h4 style=\"text-align: left;\">Position<\/h4>\n<p>[\/vc_column_text][vc_column_text]<\/p>\n<p style=\"text-align: left;\">Associate<\/p>\n<p>[\/vc_column_text][vc_empty_space][\/vc_column_inner][vc_column_inner width=&#8221;1\/3&#8243;][vc_empty_space][vc_single_image image=&#8221;5622&#8243; img_size=&#8221;50&#215;50&#8243;][vc_column_text]<\/p>\n<h4 style=\"text-align: left;\">Languages<\/h4>\n<p>[\/vc_column_text][vc_column_text]<\/p>\n<p style=\"text-align: left;\">Slovak, English, French<\/p>\n<p>[\/vc_column_text][vc_empty_space][\/vc_column_inner][vc_column_inner width=&#8221;1\/3&#8243;][vc_empty_space][vc_single_image image=&#8221;5616&#8243; img_size=&#8221;50&#215;50&#8243;][vc_column_text]<\/p>\n<h4 style=\"text-align: left;\">Contact<\/h4>\n<p>[\/vc_column_text][vc_column_text]<\/p>\n<p style=\"text-align: left;\"><a href=\"mailto:pavlikova@akmcl.sk\">pavlikova@akmcl.sk<\/a><\/p>\n<p>[\/vc_column_text][vc_empty_space][\/vc_column_inner][\/vc_row_inner][\/vc_column][\/vc_row][vc_row full_width=&#8221;stretch_row&#8221; disable_background_image=&#8221;&#8221; simple_background_color=&#8221;#eddfd1&#8243; simple_background_image=&#8221;3809&#8243;][vc_column][vc_empty_space height=&#8221;52px&#8221;]<div class=\"qodef-section-title-holder  \" style=\"text-align: center\">\n\t<div class=\"qodef-st-inner\">\n\t\t\t\t\t<h1 class=\"qodef-st-title\" style=\"color: #ce7f5b\">\n\t\t\t\tReferences\t\t\t<\/h1>\n\t\t\n\t\t\n\t\t<div class=\"qodef-separator-holder clearfix  qodef-separator-center \">\n\t<div class=\"qodef-separator\" style=\"border-color: #ce7f5b;width: 40px;border-bottom-width: 1px\"><\/div>\n<\/div>\n\n\t\t\t\t\t<\/div>\n<\/div>[vc_empty_space height=&#8221;12px&#8221;][vc_row_inner row_content_width=&#8221;grid&#8221; css=&#8221;.vc_custom_1647594776366{padding-bottom: 82px !important;}&#8221;][vc_column_inner el_class=&#8221;odrazka&#8221;][vc_column_text]Extensa Group, on its exit from the Slovak market, including the sale of the company Top Development, which owns a retail park and real estate<\/p>\n<p>Milan Dubec, founder of Bistro.sk online portal, in connection with the reorganization and the subsequent sale of his share of Bistro.sk to Just Eat Takeaway.com, the global leader in online take-out delivery<\/p>\n<p>Several companies, in labour law disputes relating mainly to the termination of employment contracts, including antidiscrimination claims related to remuneration<\/p>\n<p>Index Noslu\u0161, in connection with the acquisition of part of its competitor\u00b4s company<\/p>\n<p>MiddleCap Partners, in connection with the acquisition of the FOCUS network of opticians<\/p>\n<p>Dynoo, in connection with its exit from Ringier Axel Springer Slovakia<\/p>\n<p>IAD Investments, in connection with its acquisition of an office complex in Bratislava[\/vc_column_text][\/vc_column_inner][\/vc_row_inner][\/vc_column][\/vc_row]<\/p>\n","protected":false},"excerpt":{"rendered":"<p>[vc_row][vc_column][\/vc_column][\/vc_row][vc_row][vc_column width=&#8221;1\/4&#8243;][vc_empty_space height=&#8221;12px&#8221;][vc_single_image image=&#8221;5543&#8243; img_size=&#8221;full&#8221;][\/vc_column][vc_column width=&#8221;3\/4&#8243;][vc_column_text]Nikola specializes in civil and commercial law, company law, mergers and acquisitions, contract law and employment law. She has participated in several M&amp;A transactions and assisted in legal due diligence investigations and the preparation of [&hellip;]<\/p>\n","protected":false},"author":1,"featured_media":0,"parent":0,"menu_order":0,"comment_status":"closed","ping_status":"closed","template":"","meta":{"_monsterinsights_skip_tracking":false,"_monsterinsights_sitenote_active":false,"_monsterinsights_sitenote_note":"","_monsterinsights_sitenote_category":0},"yoast_head":"<!-- This site is optimized with the Yoast SEO plugin v19.0 - https:\/\/yoast.com\/wordpress\/plugins\/seo\/ -->\n<title>Nikola Pavl\u00edkov\u00e1 - AKMCL<\/title>\n<meta name=\"description\" content=\"Nikola Pavl\u00edkov\u00e1 specializes in civil and commercial law, company law, mergers and acquisitions, contract law and employment law.\" \/>\n<meta name=\"robots\" content=\"index, follow, max-snippet:-1, max-image-preview:large, max-video-preview:-1\" \/>\n<link rel=\"canonical\" href=\"https:\/\/akmcl.sk\/en\/nikola-pavlikova\/\" \/>\n<meta property=\"og:locale\" content=\"en_US\" \/>\n<meta property=\"og:type\" content=\"article\" \/>\n<meta property=\"og:title\" content=\"Nikola Pavl\u00edkov\u00e1 - AKMCL\" \/>\n<meta property=\"og:description\" content=\"Nikola Pavl\u00edkov\u00e1 specializes in civil and commercial law, company law, mergers and acquisitions, contract law and employment law.\" \/>\n<meta property=\"og:url\" content=\"https:\/\/akmcl.sk\/en\/nikola-pavlikova\/\" \/>\n<meta property=\"og:site_name\" content=\"AKMCL\" \/>\n<meta property=\"article:publisher\" content=\"https:\/\/www.facebook.com\/advokatskakancelariamcl\" \/>\n<meta property=\"article:modified_time\" content=\"2022-06-08T11:27:51+00:00\" \/>\n<meta property=\"og:image\" content=\"https:\/\/akmcl.sk\/wp-content\/uploads\/2022\/03\/vzdelanie-akmcl-ikona-1.png\" \/>\n<meta name=\"twitter:card\" content=\"summary_large_image\" \/>\n<meta name=\"twitter:label1\" content=\"Est. reading time\" \/>\n\t<meta name=\"twitter:data1\" content=\"3 minutes\" \/>\n<script type=\"application\/ld+json\" class=\"yoast-schema-graph\">{\"@context\":\"https:\/\/schema.org\",\"@graph\":[{\"@type\":\"Organization\",\"@id\":\"https:\/\/akmcl.sk\/#organization\",\"name\":\"Advok\u00e1tska kancel\u00e1ria MCL s.r.o.\",\"url\":\"https:\/\/akmcl.sk\/\",\"sameAs\":[\"https:\/\/www.linkedin.com\/company\/advoktska-kancelria-mcl-s-r-o\",\"https:\/\/www.facebook.com\/advokatskakancelariamcl\"],\"logo\":{\"@type\":\"ImageObject\",\"inLanguage\":\"en-US\",\"@id\":\"https:\/\/akmcl.sk\/#\/schema\/logo\/image\/\",\"url\":\"https:\/\/akmcl.sk\/wp-content\/uploads\/2022\/05\/logo-akmcl-2.png\",\"contentUrl\":\"https:\/\/akmcl.sk\/wp-content\/uploads\/2022\/05\/logo-akmcl-2.png\",\"width\":280,\"height\":129,\"caption\":\"Advok\u00e1tska kancel\u00e1ria MCL s.r.o.\"},\"image\":{\"@id\":\"https:\/\/akmcl.sk\/#\/schema\/logo\/image\/\"}},{\"@type\":\"WebSite\",\"@id\":\"https:\/\/akmcl.sk\/#website\",\"url\":\"https:\/\/akmcl.sk\/\",\"name\":\"AKMCL\",\"description\":\"Len \u010fal\u0161ia WordPress str\u00e1nka\",\"publisher\":{\"@id\":\"https:\/\/akmcl.sk\/#organization\"},\"potentialAction\":[{\"@type\":\"SearchAction\",\"target\":{\"@type\":\"EntryPoint\",\"urlTemplate\":\"https:\/\/akmcl.sk\/?s={search_term_string}\"},\"query-input\":\"required name=search_term_string\"}],\"inLanguage\":\"en-US\"},{\"@type\":\"ImageObject\",\"inLanguage\":\"en-US\",\"@id\":\"https:\/\/akmcl.sk\/en\/nikola-pavlikova\/#primaryimage\",\"url\":\"https:\/\/akmcl.sk\/wp-content\/uploads\/2022\/03\/vzdelanie-akmcl-ikona-1.png\",\"contentUrl\":\"https:\/\/akmcl.sk\/wp-content\/uploads\/2022\/03\/vzdelanie-akmcl-ikona-1.png\",\"width\":50,\"height\":50},{\"@type\":\"WebPage\",\"@id\":\"https:\/\/akmcl.sk\/en\/nikola-pavlikova\/#webpage\",\"url\":\"https:\/\/akmcl.sk\/en\/nikola-pavlikova\/\",\"name\":\"Nikola Pavl\u00edkov\u00e1 - AKMCL\",\"isPartOf\":{\"@id\":\"https:\/\/akmcl.sk\/#website\"},\"primaryImageOfPage\":{\"@id\":\"https:\/\/akmcl.sk\/en\/nikola-pavlikova\/#primaryimage\"},\"datePublished\":\"2022-03-18T05:47:25+00:00\",\"dateModified\":\"2022-06-08T11:27:51+00:00\",\"description\":\"Nikola Pavl\u00edkov\u00e1 specializes in civil and commercial law, company law, mergers and acquisitions, contract law and employment law.\",\"breadcrumb\":{\"@id\":\"https:\/\/akmcl.sk\/en\/nikola-pavlikova\/#breadcrumb\"},\"inLanguage\":\"en-US\",\"potentialAction\":[{\"@type\":\"ReadAction\",\"target\":[\"https:\/\/akmcl.sk\/en\/nikola-pavlikova\/\"]}]},{\"@type\":\"BreadcrumbList\",\"@id\":\"https:\/\/akmcl.sk\/en\/nikola-pavlikova\/#breadcrumb\",\"itemListElement\":[{\"@type\":\"ListItem\",\"position\":1,\"name\":\"Domovsk\u00e1 str\u00e1nka\",\"item\":\"https:\/\/akmcl.sk\/en\/\"},{\"@type\":\"ListItem\",\"position\":2,\"name\":\"Nikola Pavl\u00edkov\u00e1\"}]}]}<\/script>\n<!-- \/ Yoast SEO plugin. -->","yoast_head_json":{"title":"Nikola Pavl\u00edkov\u00e1 - AKMCL","description":"Nikola Pavl\u00edkov\u00e1 specializes in civil and commercial law, company law, mergers and acquisitions, contract law and employment law.","robots":{"index":"index","follow":"follow","max-snippet":"max-snippet:-1","max-image-preview":"max-image-preview:large","max-video-preview":"max-video-preview:-1"},"canonical":"https:\/\/akmcl.sk\/en\/nikola-pavlikova\/","og_locale":"en_US","og_type":"article","og_title":"Nikola Pavl\u00edkov\u00e1 - AKMCL","og_description":"Nikola Pavl\u00edkov\u00e1 specializes in civil and commercial law, company law, mergers and acquisitions, contract law and employment law.","og_url":"https:\/\/akmcl.sk\/en\/nikola-pavlikova\/","og_site_name":"AKMCL","article_publisher":"https:\/\/www.facebook.com\/advokatskakancelariamcl","article_modified_time":"2022-06-08T11:27:51+00:00","og_image":[{"url":"https:\/\/akmcl.sk\/wp-content\/uploads\/2022\/03\/vzdelanie-akmcl-ikona-1.png"}],"twitter_card":"summary_large_image","twitter_misc":{"Est. reading time":"3 minutes"},"schema":{"@context":"https:\/\/schema.org","@graph":[{"@type":"Organization","@id":"https:\/\/akmcl.sk\/#organization","name":"Advok\u00e1tska kancel\u00e1ria MCL s.r.o.","url":"https:\/\/akmcl.sk\/","sameAs":["https:\/\/www.linkedin.com\/company\/advoktska-kancelria-mcl-s-r-o","https:\/\/www.facebook.com\/advokatskakancelariamcl"],"logo":{"@type":"ImageObject","inLanguage":"en-US","@id":"https:\/\/akmcl.sk\/#\/schema\/logo\/image\/","url":"https:\/\/akmcl.sk\/wp-content\/uploads\/2022\/05\/logo-akmcl-2.png","contentUrl":"https:\/\/akmcl.sk\/wp-content\/uploads\/2022\/05\/logo-akmcl-2.png","width":280,"height":129,"caption":"Advok\u00e1tska kancel\u00e1ria MCL s.r.o."},"image":{"@id":"https:\/\/akmcl.sk\/#\/schema\/logo\/image\/"}},{"@type":"WebSite","@id":"https:\/\/akmcl.sk\/#website","url":"https:\/\/akmcl.sk\/","name":"AKMCL","description":"Len \u010fal\u0161ia WordPress str\u00e1nka","publisher":{"@id":"https:\/\/akmcl.sk\/#organization"},"potentialAction":[{"@type":"SearchAction","target":{"@type":"EntryPoint","urlTemplate":"https:\/\/akmcl.sk\/?s={search_term_string}"},"query-input":"required name=search_term_string"}],"inLanguage":"en-US"},{"@type":"ImageObject","inLanguage":"en-US","@id":"https:\/\/akmcl.sk\/en\/nikola-pavlikova\/#primaryimage","url":"https:\/\/akmcl.sk\/wp-content\/uploads\/2022\/03\/vzdelanie-akmcl-ikona-1.png","contentUrl":"https:\/\/akmcl.sk\/wp-content\/uploads\/2022\/03\/vzdelanie-akmcl-ikona-1.png","width":50,"height":50},{"@type":"WebPage","@id":"https:\/\/akmcl.sk\/en\/nikola-pavlikova\/#webpage","url":"https:\/\/akmcl.sk\/en\/nikola-pavlikova\/","name":"Nikola Pavl\u00edkov\u00e1 - AKMCL","isPartOf":{"@id":"https:\/\/akmcl.sk\/#website"},"primaryImageOfPage":{"@id":"https:\/\/akmcl.sk\/en\/nikola-pavlikova\/#primaryimage"},"datePublished":"2022-03-18T05:47:25+00:00","dateModified":"2022-06-08T11:27:51+00:00","description":"Nikola Pavl\u00edkov\u00e1 specializes in civil and commercial law, company law, mergers and acquisitions, contract law and employment law.","breadcrumb":{"@id":"https:\/\/akmcl.sk\/en\/nikola-pavlikova\/#breadcrumb"},"inLanguage":"en-US","potentialAction":[{"@type":"ReadAction","target":["https:\/\/akmcl.sk\/en\/nikola-pavlikova\/"]}]},{"@type":"BreadcrumbList","@id":"https:\/\/akmcl.sk\/en\/nikola-pavlikova\/#breadcrumb","itemListElement":[{"@type":"ListItem","position":1,"name":"Domovsk\u00e1 str\u00e1nka","item":"https:\/\/akmcl.sk\/en\/"},{"@type":"ListItem","position":2,"name":"Nikola Pavl\u00edkov\u00e1"}]}]}},"_links":{"self":[{"href":"https:\/\/akmcl.sk\/en\/wp-json\/wp\/v2\/pages\/5769"}],"collection":[{"href":"https:\/\/akmcl.sk\/en\/wp-json\/wp\/v2\/pages"}],"about":[{"href":"https:\/\/akmcl.sk\/en\/wp-json\/wp\/v2\/types\/page"}],"author":[{"embeddable":true,"href":"https:\/\/akmcl.sk\/en\/wp-json\/wp\/v2\/users\/1"}],"replies":[{"embeddable":true,"href":"https:\/\/akmcl.sk\/en\/wp-json\/wp\/v2\/comments?post=5769"}],"version-history":[{"count":8,"href":"https:\/\/akmcl.sk\/en\/wp-json\/wp\/v2\/pages\/5769\/revisions"}],"predecessor-version":[{"id":6231,"href":"https:\/\/akmcl.sk\/en\/wp-json\/wp\/v2\/pages\/5769\/revisions\/6231"}],"wp:attachment":[{"href":"https:\/\/akmcl.sk\/en\/wp-json\/wp\/v2\/media?parent=5769"}],"curies":[{"name":"wp","href":"https:\/\/api.w.org\/{rel}","templated":true}]}}