{"id":5736,"date":"2022-01-19T07:00:23","date_gmt":"2022-01-19T06:00:23","guid":{"rendered":"https:\/\/akmcl.sk\/matej-firicky\/"},"modified":"2022-06-08T13:27:29","modified_gmt":"2022-06-08T11:27:29","slug":"matej-firicky","status":"publish","type":"page","link":"https:\/\/akmcl.sk\/en\/matej-firicky\/","title":{"rendered":"Matej Firick\u00fd"},"content":{"rendered":"<p>[vc_row][vc_column]<div class=\"qodef-section-title-holder  \" style=\"text-align: center\">\n\t<div class=\"qodef-st-inner\">\n\t\t\t\t\t<h1 class=\"qodef-st-title\" style=\"color: #e58058\">\n\t\t\t\tMatej Firick\u00fd\t\t\t<\/h1>\n\t\t\n\t\t\n\t\t<div class=\"qodef-separator-holder clearfix  qodef-separator-center \">\n\t<div class=\"qodef-separator\" style=\"border-color: #e58058;width: 40px;border-bottom-width: 1px\"><\/div>\n<\/div>\n\n\t\t\t\t\t<\/div>\n<\/div>[\/vc_column][\/vc_row][vc_row][vc_column width=&#8221;1\/4&#8243;][vc_empty_space height=&#8221;12px&#8221;][vc_single_image image=&#8221;5531&#8243; img_size=&#8221;full&#8221;][\/vc_column][vc_column width=&#8221;3\/4&#8243;][vc_column_text]Matej has over 16 years of experience in advising clients on mergers, acquisitions, banking, finance, capital markets, tax and state aid issues. He also provides legal and tax services for private clients.<\/p>\n<p>He focuses on the domestic and cross-border structuring of holdings, is an expert in tax law restructuring and has detailed knowledge of the tax and legal aspects of most important offshore and onshore jurisdictions. In his rich and varied practice, Matej also focuses on corporate law, performing legal audits, representing clients in tax audits, tax and other administrative and court proceedings.[\/vc_column_text][vc_column_text]Prior to joining MCL, Matej worked at the Bratislava office of PwC, the Bratislava office of White &amp; Case, and later, as a partner, he ran the Bratislava office of HAVEL &amp; PARTNERS.<\/p>\n<p>Matej is member of the International Association of Chartered Certified Accountants (ACCA).[\/vc_column_text][vc_row_inner][vc_column_inner el_class=&#8221;obrazok&#8221; width=&#8221;1\/3&#8243;][vc_empty_space height=&#8221;12px&#8221;][vc_column_text]<\/p>\n<div class=\"box\">\n<p><img decoding=\"async\" src=\"https:\/\/akmcl.sk\/wp-content\/uploads\/2022\/03\/vzdelanie-akmcl-ikona-1.png\" \/><\/p>\n<h4>EDUCATION<\/h4>\n<p>&nbsp;<\/p>\n<\/div>\n<p>[\/vc_column_text][\/vc_column_inner][vc_column_inner width=&#8221;1\/3&#8243;][\/vc_column_inner][vc_column_inner width=&#8221;1\/3&#8243;][\/vc_column_inner][\/vc_row_inner][vc_column_text el_class=&#8221;text&#8221;]<\/p>\n<p style=\"text-align: left;\">University of Matej Bel in Bansk\u00e1 Bystrica, Faculty of Law (JUDr., 2007)<\/p>\n<p style=\"text-align: left;\">Slovak Agricultural University, Nitra, Faculty of Economics and Management, International Business (Ing., 2005)<\/p>\n<p style=\"text-align: left;\">Diploma in International Financial Reporting (ACCA) (2008-2009)<\/p>\n<p>[\/vc_column_text][vc_row_inner][vc_column_inner width=&#8221;1\/3&#8243;][vc_empty_space][vc_single_image image=&#8221;5623&#8243; img_size=&#8221;50&#215;50&#8243;][vc_column_text]<\/p>\n<h4 style=\"text-align: left;\">Position<\/h4>\n<p>[\/vc_column_text][vc_column_text]<\/p>\n<p style=\"text-align: left;\">partner<\/p>\n<p>[\/vc_column_text][vc_empty_space][\/vc_column_inner][vc_column_inner width=&#8221;1\/3&#8243;][vc_empty_space][vc_single_image image=&#8221;5622&#8243; img_size=&#8221;50&#215;50&#8243;][vc_column_text]<\/p>\n<h4 style=\"text-align: left;\">Languages<\/h4>\n<p>[\/vc_column_text][vc_column_text]<\/p>\n<p style=\"text-align: left;\">Slovak, English<\/p>\n<p>[\/vc_column_text][vc_empty_space][\/vc_column_inner][vc_column_inner width=&#8221;1\/3&#8243;][vc_empty_space][vc_single_image image=&#8221;5616&#8243; img_size=&#8221;50&#215;50&#8243;][vc_column_text]<\/p>\n<h4 style=\"text-align: left;\">Contact<\/h4>\n<p>[\/vc_column_text][vc_column_text]<\/p>\n<p style=\"text-align: left;\"><a href=\"mailto:firicky@akmcl.sk\">firicky@akmcl.sk<\/a><\/p>\n<p>[\/vc_column_text][vc_empty_space][\/vc_column_inner][\/vc_row_inner][\/vc_column][\/vc_row][vc_row full_width=&#8221;stretch_row&#8221; disable_background_image=&#8221;&#8221; simple_background_color=&#8221;#eddfd1&#8243; simple_background_image=&#8221;3809&#8243;][vc_column][vc_empty_space height=&#8221;52px&#8221;]<div class=\"qodef-section-title-holder  \" style=\"text-align: center\">\n\t<div class=\"qodef-st-inner\">\n\t\t\t\t\t<h1 class=\"qodef-st-title\" style=\"color: #ce7f5b\">\n\t\t\t\tReferences\t\t\t<\/h1>\n\t\t\n\t\t\n\t\t<div class=\"qodef-separator-holder clearfix  qodef-separator-center \">\n\t<div class=\"qodef-separator\" style=\"border-color: #ce7f5b;width: 40px;border-bottom-width: 1px\"><\/div>\n<\/div>\n\n\t\t\t\t\t<\/div>\n<\/div>[vc_empty_space height=&#8221;12px&#8221;][vc_row_inner row_content_width=&#8221;grid&#8221; css=&#8221;.vc_custom_1647594776366{padding-bottom: 82px !important;}&#8221;][vc_column_inner el_class=&#8221;odrazka&#8221;][vc_column_text]<\/p>\n<div class=\"parent\">\n<p>Pavol Jakubec, on the comprehensive legal and tax structuring of his acquisition of the remaining 50% share in I.D.C. Holding through Merge Plan, a special purpose vehicle<\/p>\n<p>Fun Media Group, in connection with its acquisition of an ownership interest in Corporate Legal, the holder of Radio Vlna\u2019s broadcasting license<\/p>\n<p>HB Reavis, in connection with the structuring of selected activities in Slovakia<\/p>\n<p>IAD Investments, in connection with its acquisition of an administrative center in Bratislava<\/p>\n<p>Euro MAX Slovakia, on all aspects of the sale of four MAX shopping malls in Slovakia, including the vendor\u2019s due diligence<\/p>\n<\/div>\n<p>[\/vc_column_text][\/vc_column_inner][\/vc_row_inner][\/vc_column][\/vc_row]<\/p>\n","protected":false},"excerpt":{"rendered":"<p>[vc_row][vc_column][\/vc_column][\/vc_row][vc_row][vc_column width=&#8221;1\/4&#8243;][vc_empty_space height=&#8221;12px&#8221;][vc_single_image image=&#8221;5531&#8243; img_size=&#8221;full&#8221;][\/vc_column][vc_column width=&#8221;3\/4&#8243;][vc_column_text]Matej has over 16 years of experience in advising clients on mergers, acquisitions, banking, finance, capital markets, tax and state aid issues. He also provides legal and tax services for private clients. He focuses on [&hellip;]<\/p>\n","protected":false},"author":1,"featured_media":0,"parent":0,"menu_order":0,"comment_status":"closed","ping_status":"closed","template":"","meta":{"_monsterinsights_skip_tracking":false,"_monsterinsights_sitenote_active":false,"_monsterinsights_sitenote_note":"","_monsterinsights_sitenote_category":0},"yoast_head":"<!-- This site is optimized with the Yoast SEO plugin v19.0 - https:\/\/yoast.com\/wordpress\/plugins\/seo\/ -->\n<title>Matej Firick\u00fd - AKMCL<\/title>\n<meta name=\"description\" content=\"Matej Firick\u00fd has over 16 years of experience in advising clients on mergers, acquisitions, banking, finance, capital markets, tax ...\" \/>\n<meta name=\"robots\" content=\"index, follow, max-snippet:-1, max-image-preview:large, max-video-preview:-1\" \/>\n<link rel=\"canonical\" href=\"https:\/\/akmcl.sk\/en\/matej-firicky\/\" \/>\n<meta property=\"og:locale\" content=\"en_US\" \/>\n<meta property=\"og:type\" content=\"article\" \/>\n<meta property=\"og:title\" content=\"Matej Firick\u00fd - AKMCL\" \/>\n<meta property=\"og:description\" content=\"Matej Firick\u00fd has over 16 years of experience in advising clients on mergers, acquisitions, banking, finance, capital markets, tax ...\" \/>\n<meta property=\"og:url\" content=\"https:\/\/akmcl.sk\/en\/matej-firicky\/\" \/>\n<meta property=\"og:site_name\" content=\"AKMCL\" \/>\n<meta property=\"article:publisher\" content=\"https:\/\/www.facebook.com\/advokatskakancelariamcl\" \/>\n<meta property=\"article:modified_time\" content=\"2022-06-08T11:27:29+00:00\" \/>\n<meta property=\"og:image\" content=\"https:\/\/akmcl.sk\/wp-content\/uploads\/2022\/03\/vzdelanie-akmcl-ikona-1.png\" \/>\n<meta name=\"twitter:card\" content=\"summary_large_image\" \/>\n<meta name=\"twitter:label1\" content=\"Est. reading time\" \/>\n\t<meta name=\"twitter:data1\" content=\"3 minutes\" \/>\n<script type=\"application\/ld+json\" class=\"yoast-schema-graph\">{\"@context\":\"https:\/\/schema.org\",\"@graph\":[{\"@type\":\"Organization\",\"@id\":\"https:\/\/akmcl.sk\/#organization\",\"name\":\"Advok\u00e1tska kancel\u00e1ria MCL s.r.o.\",\"url\":\"https:\/\/akmcl.sk\/\",\"sameAs\":[\"https:\/\/www.linkedin.com\/company\/advoktska-kancelria-mcl-s-r-o\",\"https:\/\/www.facebook.com\/advokatskakancelariamcl\"],\"logo\":{\"@type\":\"ImageObject\",\"inLanguage\":\"en-US\",\"@id\":\"https:\/\/akmcl.sk\/#\/schema\/logo\/image\/\",\"url\":\"https:\/\/akmcl.sk\/wp-content\/uploads\/2022\/05\/logo-akmcl-2.png\",\"contentUrl\":\"https:\/\/akmcl.sk\/wp-content\/uploads\/2022\/05\/logo-akmcl-2.png\",\"width\":280,\"height\":129,\"caption\":\"Advok\u00e1tska kancel\u00e1ria MCL s.r.o.\"},\"image\":{\"@id\":\"https:\/\/akmcl.sk\/#\/schema\/logo\/image\/\"}},{\"@type\":\"WebSite\",\"@id\":\"https:\/\/akmcl.sk\/#website\",\"url\":\"https:\/\/akmcl.sk\/\",\"name\":\"AKMCL\",\"description\":\"Len \u010fal\u0161ia WordPress str\u00e1nka\",\"publisher\":{\"@id\":\"https:\/\/akmcl.sk\/#organization\"},\"potentialAction\":[{\"@type\":\"SearchAction\",\"target\":{\"@type\":\"EntryPoint\",\"urlTemplate\":\"https:\/\/akmcl.sk\/?s={search_term_string}\"},\"query-input\":\"required name=search_term_string\"}],\"inLanguage\":\"en-US\"},{\"@type\":\"ImageObject\",\"inLanguage\":\"en-US\",\"@id\":\"https:\/\/akmcl.sk\/en\/matej-firicky\/#primaryimage\",\"url\":\"https:\/\/akmcl.sk\/wp-content\/uploads\/2022\/03\/vzdelanie-akmcl-ikona-1.png\",\"contentUrl\":\"https:\/\/akmcl.sk\/wp-content\/uploads\/2022\/03\/vzdelanie-akmcl-ikona-1.png\",\"width\":50,\"height\":50},{\"@type\":\"WebPage\",\"@id\":\"https:\/\/akmcl.sk\/en\/matej-firicky\/#webpage\",\"url\":\"https:\/\/akmcl.sk\/en\/matej-firicky\/\",\"name\":\"Matej Firick\u00fd - AKMCL\",\"isPartOf\":{\"@id\":\"https:\/\/akmcl.sk\/#website\"},\"primaryImageOfPage\":{\"@id\":\"https:\/\/akmcl.sk\/en\/matej-firicky\/#primaryimage\"},\"datePublished\":\"2022-01-19T06:00:23+00:00\",\"dateModified\":\"2022-06-08T11:27:29+00:00\",\"description\":\"Matej Firick\u00fd has over 16 years of experience in advising clients on mergers, acquisitions, banking, finance, capital markets, tax ...\",\"breadcrumb\":{\"@id\":\"https:\/\/akmcl.sk\/en\/matej-firicky\/#breadcrumb\"},\"inLanguage\":\"en-US\",\"potentialAction\":[{\"@type\":\"ReadAction\",\"target\":[\"https:\/\/akmcl.sk\/en\/matej-firicky\/\"]}]},{\"@type\":\"BreadcrumbList\",\"@id\":\"https:\/\/akmcl.sk\/en\/matej-firicky\/#breadcrumb\",\"itemListElement\":[{\"@type\":\"ListItem\",\"position\":1,\"name\":\"Domovsk\u00e1 str\u00e1nka\",\"item\":\"https:\/\/akmcl.sk\/en\/\"},{\"@type\":\"ListItem\",\"position\":2,\"name\":\"Matej Firick\u00fd\"}]}]}<\/script>\n<!-- \/ Yoast SEO plugin. -->","yoast_head_json":{"title":"Matej Firick\u00fd - AKMCL","description":"Matej Firick\u00fd has over 16 years of experience in advising clients on mergers, acquisitions, banking, finance, capital markets, tax ...","robots":{"index":"index","follow":"follow","max-snippet":"max-snippet:-1","max-image-preview":"max-image-preview:large","max-video-preview":"max-video-preview:-1"},"canonical":"https:\/\/akmcl.sk\/en\/matej-firicky\/","og_locale":"en_US","og_type":"article","og_title":"Matej Firick\u00fd - AKMCL","og_description":"Matej Firick\u00fd has over 16 years of experience in advising clients on mergers, acquisitions, banking, finance, capital markets, tax ...","og_url":"https:\/\/akmcl.sk\/en\/matej-firicky\/","og_site_name":"AKMCL","article_publisher":"https:\/\/www.facebook.com\/advokatskakancelariamcl","article_modified_time":"2022-06-08T11:27:29+00:00","og_image":[{"url":"https:\/\/akmcl.sk\/wp-content\/uploads\/2022\/03\/vzdelanie-akmcl-ikona-1.png"}],"twitter_card":"summary_large_image","twitter_misc":{"Est. reading time":"3 minutes"},"schema":{"@context":"https:\/\/schema.org","@graph":[{"@type":"Organization","@id":"https:\/\/akmcl.sk\/#organization","name":"Advok\u00e1tska kancel\u00e1ria MCL s.r.o.","url":"https:\/\/akmcl.sk\/","sameAs":["https:\/\/www.linkedin.com\/company\/advoktska-kancelria-mcl-s-r-o","https:\/\/www.facebook.com\/advokatskakancelariamcl"],"logo":{"@type":"ImageObject","inLanguage":"en-US","@id":"https:\/\/akmcl.sk\/#\/schema\/logo\/image\/","url":"https:\/\/akmcl.sk\/wp-content\/uploads\/2022\/05\/logo-akmcl-2.png","contentUrl":"https:\/\/akmcl.sk\/wp-content\/uploads\/2022\/05\/logo-akmcl-2.png","width":280,"height":129,"caption":"Advok\u00e1tska kancel\u00e1ria MCL s.r.o."},"image":{"@id":"https:\/\/akmcl.sk\/#\/schema\/logo\/image\/"}},{"@type":"WebSite","@id":"https:\/\/akmcl.sk\/#website","url":"https:\/\/akmcl.sk\/","name":"AKMCL","description":"Len \u010fal\u0161ia WordPress str\u00e1nka","publisher":{"@id":"https:\/\/akmcl.sk\/#organization"},"potentialAction":[{"@type":"SearchAction","target":{"@type":"EntryPoint","urlTemplate":"https:\/\/akmcl.sk\/?s={search_term_string}"},"query-input":"required name=search_term_string"}],"inLanguage":"en-US"},{"@type":"ImageObject","inLanguage":"en-US","@id":"https:\/\/akmcl.sk\/en\/matej-firicky\/#primaryimage","url":"https:\/\/akmcl.sk\/wp-content\/uploads\/2022\/03\/vzdelanie-akmcl-ikona-1.png","contentUrl":"https:\/\/akmcl.sk\/wp-content\/uploads\/2022\/03\/vzdelanie-akmcl-ikona-1.png","width":50,"height":50},{"@type":"WebPage","@id":"https:\/\/akmcl.sk\/en\/matej-firicky\/#webpage","url":"https:\/\/akmcl.sk\/en\/matej-firicky\/","name":"Matej Firick\u00fd - AKMCL","isPartOf":{"@id":"https:\/\/akmcl.sk\/#website"},"primaryImageOfPage":{"@id":"https:\/\/akmcl.sk\/en\/matej-firicky\/#primaryimage"},"datePublished":"2022-01-19T06:00:23+00:00","dateModified":"2022-06-08T11:27:29+00:00","description":"Matej Firick\u00fd has over 16 years of experience in advising clients on mergers, acquisitions, banking, finance, capital markets, tax ...","breadcrumb":{"@id":"https:\/\/akmcl.sk\/en\/matej-firicky\/#breadcrumb"},"inLanguage":"en-US","potentialAction":[{"@type":"ReadAction","target":["https:\/\/akmcl.sk\/en\/matej-firicky\/"]}]},{"@type":"BreadcrumbList","@id":"https:\/\/akmcl.sk\/en\/matej-firicky\/#breadcrumb","itemListElement":[{"@type":"ListItem","position":1,"name":"Domovsk\u00e1 str\u00e1nka","item":"https:\/\/akmcl.sk\/en\/"},{"@type":"ListItem","position":2,"name":"Matej Firick\u00fd"}]}]}},"_links":{"self":[{"href":"https:\/\/akmcl.sk\/en\/wp-json\/wp\/v2\/pages\/5736"}],"collection":[{"href":"https:\/\/akmcl.sk\/en\/wp-json\/wp\/v2\/pages"}],"about":[{"href":"https:\/\/akmcl.sk\/en\/wp-json\/wp\/v2\/types\/page"}],"author":[{"embeddable":true,"href":"https:\/\/akmcl.sk\/en\/wp-json\/wp\/v2\/users\/1"}],"replies":[{"embeddable":true,"href":"https:\/\/akmcl.sk\/en\/wp-json\/wp\/v2\/comments?post=5736"}],"version-history":[{"count":5,"href":"https:\/\/akmcl.sk\/en\/wp-json\/wp\/v2\/pages\/5736\/revisions"}],"predecessor-version":[{"id":6165,"href":"https:\/\/akmcl.sk\/en\/wp-json\/wp\/v2\/pages\/5736\/revisions\/6165"}],"wp:attachment":[{"href":"https:\/\/akmcl.sk\/en\/wp-json\/wp\/v2\/media?parent=5736"}],"curies":[{"name":"wp","href":"https:\/\/api.w.org\/{rel}","templated":true}]}}