{"id":5730,"date":"2022-03-29T14:07:22","date_gmt":"2022-03-29T12:07:22","guid":{"rendered":"https:\/\/akmcl.sk\/career\/"},"modified":"2025-03-15T16:22:52","modified_gmt":"2025-03-15T15:22:52","slug":"career","status":"publish","type":"page","link":"https:\/\/akmcl.sk\/en\/career\/","title":{"rendered":"Career"},"content":{"rendered":"<p>[vc_row css=&#8221;.vc_custom_1652181919911{padding-top: 20px !important;padding-bottom: 90px !important;}&#8221;][vc_column offset=&#8221;vc_col-lg-offset-0 vc_col-lg-5 vc_col-md-offset-0 vc_col-md-12 vc_col-sm-offset-0 vc_col-xs-12&#8243;]<div class=\"qodef-elements-holder   qodef-one-column  qodef-responsive-mode-768  \" ><div class=\"qodef-eh-item    \"  data-item-class=\"qodef-eh-custom-1223\" data-1441-1700=\"130px 6% 0px 18%\" data-1367-1440=\"130px 6% 0px 18%\" data-1025-1366=\"75px 0px 0px 107px\" data-769-1024=\"0px 269px 0px 146px\" data-681-768=\"0px 95px 0px 100px\" data-680=\"0px 23px 0px 35px\">\n\t<div class=\"qodef-eh-item-inner\">\n\t\t<div class=\"qodef-eh-item-content qodef-eh-custom-1223\" style=\"padding: 130px 6% 0px 27%\">\n\t\t\t<div class=\"qodef-section-title-holder  \" >\n\t<div class=\"qodef-st-inner\">\n\t\t\t\t\t<h1 class=\"qodef-st-title\" style=\"color: #ce7f5b\">\n\t\t\t\tCAREER\t\t\t<\/h1>\n\t\t\n\t\t\n\t\t<div class=\"qodef-separator-holder clearfix   \">\n\t<div class=\"qodef-separator\" style=\"border-color: #ce7f5b;width: 40px;border-bottom-width: 1px\"><\/div>\n<\/div>\n\n\t\t\t\t\t<p class=\"qodef-st-text\" >\n\t\t\t\tWe are always looking for talented people and we would be happy to meet you and welcome you on board.\nSend us your resume and motivation letter. We look forward to meeting you over a cup of coffee with you in our office.\t\t\t<\/p>\n\t\t\t\t\t<\/div>\n<\/div>[vc_empty_space height=&#8221;30px&#8221;]\t\t<\/div>\n\t<\/div>\n<\/div><\/div>[\/vc_column][vc_column offset=&#8221;vc_col-lg-offset-0 vc_col-lg-7 vc_col-md-offset-0 vc_col-md-12 vc_col-sm-offset-0 vc_col-xs-12&#8243;]<div class=\"qodef-elements-holder   qodef-one-column  qodef-responsive-mode-768  \" ><div class=\"qodef-eh-item    \"  data-item-class=\"qodef-eh-custom-6527\" data-1441-1700=\"0px 97px 0px 0px\" data-1367-1440=\"0px 97px 0px 0px\" data-1025-1366=\"0px 106px 0px 32px\" data-769-1024=\"0px 0px 0px 146px\" data-681-768=\"0px 98px 0px 100px\" data-680=\"0px 35px 0px 35px\">\n\t<div class=\"qodef-eh-item-inner\">\n\t\t<div class=\"qodef-eh-item-content qodef-eh-custom-6527\" style=\"padding: 0px 0px 0px 0px\">\n\t\t\t<div class=\"qodef-stacked-images-holder   qodef-si-position-left\">\n\t<div class=\"qodef-si-images\">\n\t\t\t\t\t<img width=\"2560\" height=\"1706\" src=\"https:\/\/akmcl.sk\/wp-content\/uploads\/2022\/05\/shutterstock_1859812504-scaled.jpg\" class=\"qodef-si-first-image\" alt=\"kari\u00e9ra career\" decoding=\"async\" loading=\"lazy\" srcset=\"https:\/\/akmcl.sk\/wp-content\/uploads\/2022\/05\/shutterstock_1859812504-scaled.jpg 2560w, https:\/\/akmcl.sk\/wp-content\/uploads\/2022\/05\/shutterstock_1859812504-300x200.jpg 300w, https:\/\/akmcl.sk\/wp-content\/uploads\/2022\/05\/shutterstock_1859812504-1024x683.jpg 1024w, https:\/\/akmcl.sk\/wp-content\/uploads\/2022\/05\/shutterstock_1859812504-768x512.jpg 768w, https:\/\/akmcl.sk\/wp-content\/uploads\/2022\/05\/shutterstock_1859812504-1536x1024.jpg 1536w\" sizes=\"(max-width: 2560px) 100vw, 2560px\" \/>\t\t\t\t\t<\/div>\n<\/div>[vc_empty_space height=&#8221;30px&#8221;]\t\t<\/div>\n\t<\/div>\n<\/div><\/div>[\/vc_column][\/vc_row][vc_row][vc_column][vc_row_inner row_content_width=&#8221;grid&#8221; content_text_aligment=&#8221;center&#8221;][vc_column_inner width=&#8221;1\/3&#8243;][vc_single_image image=&#8221;5621&#8243; img_size=&#8221;50&#215;50&#8243; alignment=&#8221;center&#8221;][vc_column_text]<a href=\"tel:+421 910 822 596\">+421 910 822 596<\/a>[\/vc_column_text][vc_empty_space height=&#8221;82px&#8221;][\/vc_column_inner][vc_column_inner width=&#8221;1\/3&#8243;][vc_single_image image=&#8221;5619&#8243; img_size=&#8221;50&#215;50&#8243; alignment=&#8221;center&#8221;][vc_column_text]<a href=\"mailto:info@akmcl.sk\">info@akmcl.sk<\/a>[\/vc_column_text][vc_empty_space height=&#8221;82px&#8221;][\/vc_column_inner][vc_column_inner width=&#8221;1\/3&#8243;][vc_single_image image=&#8221;5620&#8243; img_size=&#8221;50&#215;50&#8243; alignment=&#8221;center&#8221;][vc_column_text]<a href=\"https:\/\/goo.gl\/maps\/7buf2EieCK9d1GrX6\" target=\"_blank\" rel=\"noopener\">Carlton Savoy &amp; Courtyard Building,<\/a><br \/>\n<a href=\"https:\/\/goo.gl\/maps\/7buf2EieCK9d1GrX6\" target=\"_blank\" rel=\"noopener\">Mostov\u00e1 2, 811 02 Bratislava<\/a>[\/vc_column_text][vc_empty_space height=&#8221;82px&#8221;][\/vc_column_inner][\/vc_row_inner][\/vc_column][\/vc_row]<\/p>\n","protected":false},"excerpt":{"rendered":"<p>[vc_row css=&#8221;.vc_custom_1652181919911{padding-top: 20px !important;padding-bottom: 90px !important;}&#8221;][vc_column offset=&#8221;vc_col-lg-offset-0 vc_col-lg-5 vc_col-md-offset-0 vc_col-md-12 vc_col-sm-offset-0 vc_col-xs-12&#8243;][\/vc_column][vc_column offset=&#8221;vc_col-lg-offset-0 vc_col-lg-7 vc_col-md-offset-0 vc_col-md-12 vc_col-sm-offset-0 vc_col-xs-12&#8243;][\/vc_column][\/vc_row][vc_row][vc_column][vc_row_inner row_content_width=&#8221;grid&#8221; content_text_aligment=&#8221;center&#8221;][vc_column_inner width=&#8221;1\/3&#8243;][vc_single_image image=&#8221;5621&#8243; img_size=&#8221;50&#215;50&#8243; alignment=&#8221;center&#8221;][vc_column_text]+421 910 822 596[\/vc_column_text][vc_empty_space height=&#8221;82px&#8221;][\/vc_column_inner][vc_column_inner width=&#8221;1\/3&#8243;][vc_single_image image=&#8221;5619&#8243; img_size=&#8221;50&#215;50&#8243; alignment=&#8221;center&#8221;][vc_column_text]info@akmcl.sk[\/vc_column_text][vc_empty_space height=&#8221;82px&#8221;][\/vc_column_inner][vc_column_inner width=&#8221;1\/3&#8243;][vc_single_image image=&#8221;5620&#8243; img_size=&#8221;50&#215;50&#8243; alignment=&#8221;center&#8221;][vc_column_text]Carlton Savoy &amp; Courtyard [&hellip;]<\/p>\n","protected":false},"author":1,"featured_media":0,"parent":0,"menu_order":0,"comment_status":"closed","ping_status":"closed","template":"","meta":{"_monsterinsights_skip_tracking":false,"_monsterinsights_sitenote_active":false,"_monsterinsights_sitenote_note":"","_monsterinsights_sitenote_category":0},"yoast_head":"<!-- This site is optimized with the Yoast SEO plugin v19.0 - https:\/\/yoast.com\/wordpress\/plugins\/seo\/ -->\n<title>Career - AKMCL<\/title>\n<meta name=\"description\" content=\"Career - We are always looking for talented people and we would be happy to meet you and welcome you on board. Send us your resume...\" \/>\n<meta name=\"robots\" content=\"index, follow, max-snippet:-1, max-image-preview:large, max-video-preview:-1\" \/>\n<link rel=\"canonical\" href=\"https:\/\/akmcl.sk\/en\/career\/\" \/>\n<meta property=\"og:locale\" content=\"en_US\" \/>\n<meta property=\"og:type\" content=\"article\" \/>\n<meta property=\"og:title\" content=\"Career - AKMCL\" \/>\n<meta property=\"og:description\" content=\"Career - We are always looking for talented people and we would be happy to meet you and welcome you on board. Send us your resume...\" \/>\n<meta property=\"og:url\" content=\"https:\/\/akmcl.sk\/en\/career\/\" \/>\n<meta property=\"og:site_name\" content=\"AKMCL\" \/>\n<meta property=\"article:publisher\" content=\"https:\/\/www.facebook.com\/advokatskakancelariamcl\" \/>\n<meta property=\"article:modified_time\" content=\"2025-03-15T15:22:52+00:00\" \/>\n<meta name=\"twitter:card\" content=\"summary_large_image\" \/>\n<meta name=\"twitter:label1\" content=\"Est. reading time\" \/>\n\t<meta name=\"twitter:data1\" content=\"1 minute\" \/>\n<script type=\"application\/ld+json\" class=\"yoast-schema-graph\">{\"@context\":\"https:\/\/schema.org\",\"@graph\":[{\"@type\":\"Organization\",\"@id\":\"https:\/\/akmcl.sk\/#organization\",\"name\":\"Advok\u00e1tska kancel\u00e1ria MCL s.r.o.\",\"url\":\"https:\/\/akmcl.sk\/\",\"sameAs\":[\"https:\/\/www.linkedin.com\/company\/advoktska-kancelria-mcl-s-r-o\",\"https:\/\/www.facebook.com\/advokatskakancelariamcl\"],\"logo\":{\"@type\":\"ImageObject\",\"inLanguage\":\"en-US\",\"@id\":\"https:\/\/akmcl.sk\/#\/schema\/logo\/image\/\",\"url\":\"https:\/\/akmcl.sk\/wp-content\/uploads\/2022\/05\/logo-akmcl-2.png\",\"contentUrl\":\"https:\/\/akmcl.sk\/wp-content\/uploads\/2022\/05\/logo-akmcl-2.png\",\"width\":280,\"height\":129,\"caption\":\"Advok\u00e1tska kancel\u00e1ria MCL s.r.o.\"},\"image\":{\"@id\":\"https:\/\/akmcl.sk\/#\/schema\/logo\/image\/\"}},{\"@type\":\"WebSite\",\"@id\":\"https:\/\/akmcl.sk\/#website\",\"url\":\"https:\/\/akmcl.sk\/\",\"name\":\"AKMCL\",\"description\":\"Len \u010fal\u0161ia WordPress str\u00e1nka\",\"publisher\":{\"@id\":\"https:\/\/akmcl.sk\/#organization\"},\"potentialAction\":[{\"@type\":\"SearchAction\",\"target\":{\"@type\":\"EntryPoint\",\"urlTemplate\":\"https:\/\/akmcl.sk\/?s={search_term_string}\"},\"query-input\":\"required name=search_term_string\"}],\"inLanguage\":\"en-US\"},{\"@type\":\"WebPage\",\"@id\":\"https:\/\/akmcl.sk\/en\/career\/#webpage\",\"url\":\"https:\/\/akmcl.sk\/en\/career\/\",\"name\":\"Career - AKMCL\",\"isPartOf\":{\"@id\":\"https:\/\/akmcl.sk\/#website\"},\"datePublished\":\"2022-03-29T12:07:22+00:00\",\"dateModified\":\"2025-03-15T15:22:52+00:00\",\"description\":\"Career - We are always looking for talented people and we would be happy to meet you and welcome you on board. Send us your resume...\",\"breadcrumb\":{\"@id\":\"https:\/\/akmcl.sk\/en\/career\/#breadcrumb\"},\"inLanguage\":\"en-US\",\"potentialAction\":[{\"@type\":\"ReadAction\",\"target\":[\"https:\/\/akmcl.sk\/en\/career\/\"]}]},{\"@type\":\"BreadcrumbList\",\"@id\":\"https:\/\/akmcl.sk\/en\/career\/#breadcrumb\",\"itemListElement\":[{\"@type\":\"ListItem\",\"position\":1,\"name\":\"Domovsk\u00e1 str\u00e1nka\",\"item\":\"https:\/\/akmcl.sk\/en\/\"},{\"@type\":\"ListItem\",\"position\":2,\"name\":\"Career\"}]}]}<\/script>\n<!-- \/ Yoast SEO plugin. -->","yoast_head_json":{"title":"Career - AKMCL","description":"Career - We are always looking for talented people and we would be happy to meet you and welcome you on board. Send us your resume...","robots":{"index":"index","follow":"follow","max-snippet":"max-snippet:-1","max-image-preview":"max-image-preview:large","max-video-preview":"max-video-preview:-1"},"canonical":"https:\/\/akmcl.sk\/en\/career\/","og_locale":"en_US","og_type":"article","og_title":"Career - AKMCL","og_description":"Career - We are always looking for talented people and we would be happy to meet you and welcome you on board. Send us your resume...","og_url":"https:\/\/akmcl.sk\/en\/career\/","og_site_name":"AKMCL","article_publisher":"https:\/\/www.facebook.com\/advokatskakancelariamcl","article_modified_time":"2025-03-15T15:22:52+00:00","twitter_card":"summary_large_image","twitter_misc":{"Est. reading time":"1 minute"},"schema":{"@context":"https:\/\/schema.org","@graph":[{"@type":"Organization","@id":"https:\/\/akmcl.sk\/#organization","name":"Advok\u00e1tska kancel\u00e1ria MCL s.r.o.","url":"https:\/\/akmcl.sk\/","sameAs":["https:\/\/www.linkedin.com\/company\/advoktska-kancelria-mcl-s-r-o","https:\/\/www.facebook.com\/advokatskakancelariamcl"],"logo":{"@type":"ImageObject","inLanguage":"en-US","@id":"https:\/\/akmcl.sk\/#\/schema\/logo\/image\/","url":"https:\/\/akmcl.sk\/wp-content\/uploads\/2022\/05\/logo-akmcl-2.png","contentUrl":"https:\/\/akmcl.sk\/wp-content\/uploads\/2022\/05\/logo-akmcl-2.png","width":280,"height":129,"caption":"Advok\u00e1tska kancel\u00e1ria MCL s.r.o."},"image":{"@id":"https:\/\/akmcl.sk\/#\/schema\/logo\/image\/"}},{"@type":"WebSite","@id":"https:\/\/akmcl.sk\/#website","url":"https:\/\/akmcl.sk\/","name":"AKMCL","description":"Len \u010fal\u0161ia WordPress str\u00e1nka","publisher":{"@id":"https:\/\/akmcl.sk\/#organization"},"potentialAction":[{"@type":"SearchAction","target":{"@type":"EntryPoint","urlTemplate":"https:\/\/akmcl.sk\/?s={search_term_string}"},"query-input":"required name=search_term_string"}],"inLanguage":"en-US"},{"@type":"WebPage","@id":"https:\/\/akmcl.sk\/en\/career\/#webpage","url":"https:\/\/akmcl.sk\/en\/career\/","name":"Career - AKMCL","isPartOf":{"@id":"https:\/\/akmcl.sk\/#website"},"datePublished":"2022-03-29T12:07:22+00:00","dateModified":"2025-03-15T15:22:52+00:00","description":"Career - We are always looking for talented people and we would be happy to meet you and welcome you on board. Send us your resume...","breadcrumb":{"@id":"https:\/\/akmcl.sk\/en\/career\/#breadcrumb"},"inLanguage":"en-US","potentialAction":[{"@type":"ReadAction","target":["https:\/\/akmcl.sk\/en\/career\/"]}]},{"@type":"BreadcrumbList","@id":"https:\/\/akmcl.sk\/en\/career\/#breadcrumb","itemListElement":[{"@type":"ListItem","position":1,"name":"Domovsk\u00e1 str\u00e1nka","item":"https:\/\/akmcl.sk\/en\/"},{"@type":"ListItem","position":2,"name":"Career"}]}]}},"_links":{"self":[{"href":"https:\/\/akmcl.sk\/en\/wp-json\/wp\/v2\/pages\/5730"}],"collection":[{"href":"https:\/\/akmcl.sk\/en\/wp-json\/wp\/v2\/pages"}],"about":[{"href":"https:\/\/akmcl.sk\/en\/wp-json\/wp\/v2\/types\/page"}],"author":[{"embeddable":true,"href":"https:\/\/akmcl.sk\/en\/wp-json\/wp\/v2\/users\/1"}],"replies":[{"embeddable":true,"href":"https:\/\/akmcl.sk\/en\/wp-json\/wp\/v2\/comments?post=5730"}],"version-history":[{"count":9,"href":"https:\/\/akmcl.sk\/en\/wp-json\/wp\/v2\/pages\/5730\/revisions"}],"predecessor-version":[{"id":6575,"href":"https:\/\/akmcl.sk\/en\/wp-json\/wp\/v2\/pages\/5730\/revisions\/6575"}],"wp:attachment":[{"href":"https:\/\/akmcl.sk\/en\/wp-json\/wp\/v2\/media?parent=5730"}],"curies":[{"name":"wp","href":"https:\/\/api.w.org\/{rel}","templated":true}]}}