{"id":5725,"date":"2019-07-08T09:46:20","date_gmt":"2019-07-08T07:46:20","guid":{"rendered":"https:\/\/akmcl.sk\/contact\/"},"modified":"2025-03-11T18:47:42","modified_gmt":"2025-03-11T17:47:42","slug":"contact","status":"publish","type":"page","link":"https:\/\/akmcl.sk\/en\/contact\/","title":{"rendered":"CONTACT"},"content":{"rendered":"<p>[vc_row content_placement=&#8221;middle&#8221; row_content_width=&#8221;grid&#8221; css=&#8221;.vc_custom_1648031529566{padding-top: 50px !important;padding-bottom: 55px !important;}&#8221;][vc_column offset=&#8221;vc_col-lg-offset-0 vc_col-lg-6 vc_col-md-offset-0 vc_col-md-12 vc_col-sm-offset-0&#8243;]<div class=\"qodef-elements-holder   qodef-one-column  qodef-responsive-mode-768  \" ><div class=\"qodef-eh-item    \"  data-item-class=\"qodef-eh-custom-6340\" data-1025-1366=\"0 60px 0 0\" data-769-1024=\"0 0 80px 0\" data-681-768=\"0 0 80px 0\" data-680=\"0 0 80px 0\">\n\t<div class=\"qodef-eh-item-inner\">\n\t\t<div class=\"qodef-eh-item-content qodef-eh-custom-6340\" style=\"padding: 0 100px 0 0\">\n\t\t\t<div class=\"qodef-single-image-holder   \">\n    <div class=\"qodef-si-inner\" >\n                                    <img width=\"800\" height=\"1060\" src=\"https:\/\/akmcl.sk\/wp-content\/uploads\/2022\/03\/kontakt-akmcl.jpg\" class=\"attachment-full size-full\" alt=\"kontakt\" decoding=\"async\" loading=\"lazy\" srcset=\"https:\/\/akmcl.sk\/wp-content\/uploads\/2022\/03\/kontakt-akmcl.jpg 800w, https:\/\/akmcl.sk\/wp-content\/uploads\/2022\/03\/kontakt-akmcl-226x300.jpg 226w, https:\/\/akmcl.sk\/wp-content\/uploads\/2022\/03\/kontakt-akmcl-773x1024.jpg 773w, https:\/\/akmcl.sk\/wp-content\/uploads\/2022\/03\/kontakt-akmcl-768x1018.jpg 768w\" sizes=\"(max-width: 800px) 100vw, 800px\" \/>                        <\/div>\n<\/div>\t\t<\/div>\n\t<\/div>\n<\/div><\/div>[\/vc_column][vc_column offset=&#8221;vc_col-lg-offset-0 vc_col-lg-6 vc_col-md-offset-0 vc_col-md-12 vc_col-sm-offset-0&#8243;]<div class=\"qodef-separator-holder clearfix  qodef-separator-left \">\n\t<div class=\"qodef-separator\" style=\"border-color: #000000;border-style: solid;width: 40px;border-bottom-width: 1px\"><\/div>\n<\/div>\n[vc_column_text]<\/p>\n<h1><span style=\"color: #ce7f5b;\">Contact us<\/span><\/h1>\n<p>[\/vc_column_text][vc_row_inner][vc_column_inner width=&#8221;1\/2&#8243;][vc_column_text css=&#8221;.vc_custom_1648031478084{padding-top: 20px !important;padding-bottom: 16px !important;}&#8221;]<\/p>\n<h5><span style=\"color: #ce7f5b;\">Address<\/span><\/h5>\n<p>[\/vc_column_text][vc_column_text el_class=&#8221;qodef-text-underline-link&#8221;]Advok\u00e1tska kancel\u00e1ria MCL, s.r.o.<br \/>\n[\/vc_column_text][vc_column_text el_class=&#8221;qodef-text-underline-link&#8221;]<\/p>\n<p class=\"feature__text\">Carlton Savoy &amp; Courtyard Building<\/p>\n<p>[\/vc_column_text][vc_column_text el_class=&#8221;qodef-text-underline-link&#8221;]<a href=\"https:\/\/goo.gl\/maps\/z99hRZkY11ioZg2p6\" target=\"_blank\" rel=\"noopener\">Mostov\u00e1 2, 811 02 Bratislava<\/a>[\/vc_column_text][vc_empty_space][vc_column_text css=&#8221;.vc_custom_1648031492235{padding-top: 20px !important;padding-bottom: 16px !important;}&#8221;]<\/p>\n<h5><span style=\"color: #ce7f5b;\">The closest parking lot<\/span><\/h5>\n<p>[\/vc_column_text][vc_column_text el_class=&#8221;qodef-text-underline-link&#8221;]<a href=\"https:\/\/goo.gl\/maps\/JaZnPzuuBCj7YC6L9\" target=\"_blank\" rel=\"noopener\">Carlton Garage<\/a>[\/vc_column_text][vc_empty_space][\/vc_column_inner][vc_column_inner el_class=&#8221;qodef-zindex-underline&#8221; width=&#8221;1\/2&#8243; css=&#8221;.vc_custom_1563528695875{padding-right: 10% !important;}&#8221;][vc_column_text css=&#8221;.vc_custom_1648031484845{padding-top: 20px !important;padding-bottom: 16px !important;}&#8221;]<\/p>\n<h5><span style=\"color: #ce7f5b;\">Contact<\/span><\/h5>\n<p>[\/vc_column_text][vc_column_text el_class=&#8221;qodef-text-underline-link&#8221;]<a href=\"tel:+421 910 822 596\">+421 910 822 596<\/a>[\/vc_column_text][vc_column_text el_class=&#8221;qodef-text-underline-link&#8221;]<a href=\"mailto:info@akmcl.sk\">info@akmcl.sk<\/a><br \/>\n[\/vc_column_text][vc_column_text el_class=&#8221;qodef-text-underline-link&#8221;]<a href=\"http:\/\/www.akmcl.sk\">www.akmcl.sk<\/a>[\/vc_column_text][vc_empty_space][vc_column_text css=&#8221;.vc_custom_1648031499052{padding-top: 20px !important;padding-bottom: 16px !important;}&#8221;]<\/p>\n<h5><span style=\"color: #ce7f5b;\">Social<\/span><\/h5>\n<p>[\/vc_column_text][vc_column_text el_class=&#8221;qodef-text-underline-link&#8221;]<a href=\"https:\/\/www.linkedin.com\/company\/advok%C3%A1tska-kancel%C3%A1ria-mcl-s-r-o\" target=\"_blank\" rel=\"noopener\">LinkedIn<\/a>[\/vc_column_text][vc_column_text el_class=&#8221;qodef-text-underline-link&#8221;]<a href=\"https:\/\/www.facebook.com\/advokatskakancelariamcl\" target=\"_blank\" rel=\"noopener\">Facebook<\/a>[\/vc_column_text][\/vc_column_inner][\/vc_row_inner][\/vc_column][\/vc_row][vc_row equal_height=&#8221;yes&#8221; css=&#8221;.vc_custom_1648031598916{padding-bottom: -20px !important;}&#8221;][vc_column css=&#8221;.vc_custom_1648031676427{padding-bottom: -20px !important;}&#8221;][vc_raw_html]PGlmcmFtZSBzcmM9Imh0dHBzOi8vd3d3Lmdvb2dsZS5jb20vbWFwcy9lbWJlZD9wYj0hMW0xOCExbTEyITFtMyExZDI2NjIuMzg2Mjg4NTgwNjIyITJkMTcuMTA3MjE4OTE1ODkwOTQzITNkNDguMTQxMzU3NTU4ODc2MjYhMm0zITFmMCEyZjAhM2YwITNtMiExaTEwMjQhMmk3NjghNGYxMy4xITNtMyExbTIhMXMweDQ3NmM4OWFiZDExYWQ0NDMlM0EweDliOGQxZTcwYWFkZTlmMTQhMnNBZHZvayVDMyVBMXRza2ElMjBrYW5jZWwlQzMlQTFyaWElMjBNQ0wlMjBzLnIuby4hNWUwITNtMiExc3NrITJzc2shNHYxNjQ3NDEzOTU1OTQxITVtMiExc3NrITJzc2siIHdpZHRoPSIxMDAlIiBoZWlnaHQ9IjQ1MCIgc3R5bGU9ImJvcmRlcjowOyIgYWxsb3dmdWxsc2NyZWVuPSIiIGxvYWRpbmc9ImxhenkiPjwvaWZyYW1lPg==[\/vc_raw_html][\/vc_column][\/vc_row]<\/p>\n","protected":false},"excerpt":{"rendered":"<p>[vc_row content_placement=&#8221;middle&#8221; row_content_width=&#8221;grid&#8221; css=&#8221;.vc_custom_1648031529566{padding-top: 50px !important;padding-bottom: 55px !important;}&#8221;][vc_column offset=&#8221;vc_col-lg-offset-0 vc_col-lg-6 vc_col-md-offset-0 vc_col-md-12 vc_col-sm-offset-0&#8243;][\/vc_column][vc_column offset=&#8221;vc_col-lg-offset-0 vc_col-lg-6 vc_col-md-offset-0 vc_col-md-12 vc_col-sm-offset-0&#8243;][vc_column_text] Contact us [\/vc_column_text][vc_row_inner][vc_column_inner width=&#8221;1\/2&#8243;][vc_column_text css=&#8221;.vc_custom_1648031478084{padding-top: 20px !important;padding-bottom: 16px !important;}&#8221;] Address [\/vc_column_text][vc_column_text el_class=&#8221;qodef-text-underline-link&#8221;]Advok\u00e1tska kancel\u00e1ria MCL, s.r.o. [\/vc_column_text][vc_column_text el_class=&#8221;qodef-text-underline-link&#8221;] Carlton Savoy &amp; Courtyard Building [&hellip;]<\/p>\n","protected":false},"author":1,"featured_media":0,"parent":0,"menu_order":0,"comment_status":"closed","ping_status":"closed","template":"full-width.php","meta":{"_monsterinsights_skip_tracking":false,"_monsterinsights_sitenote_active":false,"_monsterinsights_sitenote_note":"","_monsterinsights_sitenote_category":0},"yoast_head":"<!-- This site is optimized with the Yoast SEO plugin v19.0 - https:\/\/yoast.com\/wordpress\/plugins\/seo\/ -->\n<title>CONTACT - AKMCL<\/title>\n<meta name=\"description\" content=\"Contact us - Advok\u00e1tska kancel\u00e1ria MCL, s.r.o.Carlton Savoy &amp; Courtyard Building | Mostov\u00e1 2, 811 02 Bratislava | +421 (2) 43 638 154\" \/>\n<meta name=\"robots\" content=\"index, follow, max-snippet:-1, max-image-preview:large, max-video-preview:-1\" \/>\n<link rel=\"canonical\" href=\"https:\/\/akmcl.sk\/en\/contact\/\" \/>\n<meta property=\"og:locale\" content=\"en_US\" \/>\n<meta property=\"og:type\" content=\"article\" \/>\n<meta property=\"og:title\" content=\"CONTACT - AKMCL\" \/>\n<meta property=\"og:description\" content=\"Contact us - Advok\u00e1tska kancel\u00e1ria MCL, s.r.o.Carlton Savoy &amp; Courtyard Building | Mostov\u00e1 2, 811 02 Bratislava | +421 (2) 43 638 154\" \/>\n<meta property=\"og:url\" content=\"https:\/\/akmcl.sk\/en\/contact\/\" \/>\n<meta property=\"og:site_name\" content=\"AKMCL\" \/>\n<meta property=\"article:publisher\" content=\"https:\/\/www.facebook.com\/advokatskakancelariamcl\" \/>\n<meta property=\"article:modified_time\" content=\"2025-03-11T17:47:42+00:00\" \/>\n<meta name=\"twitter:card\" content=\"summary_large_image\" \/>\n<meta name=\"twitter:label1\" content=\"Est. reading time\" \/>\n\t<meta name=\"twitter:data1\" content=\"1 minute\" \/>\n<script type=\"application\/ld+json\" class=\"yoast-schema-graph\">{\"@context\":\"https:\/\/schema.org\",\"@graph\":[{\"@type\":\"Organization\",\"@id\":\"https:\/\/akmcl.sk\/#organization\",\"name\":\"Advok\u00e1tska kancel\u00e1ria MCL s.r.o.\",\"url\":\"https:\/\/akmcl.sk\/\",\"sameAs\":[\"https:\/\/www.linkedin.com\/company\/advoktska-kancelria-mcl-s-r-o\",\"https:\/\/www.facebook.com\/advokatskakancelariamcl\"],\"logo\":{\"@type\":\"ImageObject\",\"inLanguage\":\"en-US\",\"@id\":\"https:\/\/akmcl.sk\/#\/schema\/logo\/image\/\",\"url\":\"https:\/\/akmcl.sk\/wp-content\/uploads\/2022\/05\/logo-akmcl-2.png\",\"contentUrl\":\"https:\/\/akmcl.sk\/wp-content\/uploads\/2022\/05\/logo-akmcl-2.png\",\"width\":280,\"height\":129,\"caption\":\"Advok\u00e1tska kancel\u00e1ria MCL s.r.o.\"},\"image\":{\"@id\":\"https:\/\/akmcl.sk\/#\/schema\/logo\/image\/\"}},{\"@type\":\"WebSite\",\"@id\":\"https:\/\/akmcl.sk\/#website\",\"url\":\"https:\/\/akmcl.sk\/\",\"name\":\"AKMCL\",\"description\":\"Len \u010fal\u0161ia WordPress str\u00e1nka\",\"publisher\":{\"@id\":\"https:\/\/akmcl.sk\/#organization\"},\"potentialAction\":[{\"@type\":\"SearchAction\",\"target\":{\"@type\":\"EntryPoint\",\"urlTemplate\":\"https:\/\/akmcl.sk\/?s={search_term_string}\"},\"query-input\":\"required name=search_term_string\"}],\"inLanguage\":\"en-US\"},{\"@type\":\"WebPage\",\"@id\":\"https:\/\/akmcl.sk\/en\/contact\/#webpage\",\"url\":\"https:\/\/akmcl.sk\/en\/contact\/\",\"name\":\"CONTACT - AKMCL\",\"isPartOf\":{\"@id\":\"https:\/\/akmcl.sk\/#website\"},\"datePublished\":\"2019-07-08T07:46:20+00:00\",\"dateModified\":\"2025-03-11T17:47:42+00:00\",\"description\":\"Contact us - Advok\u00e1tska kancel\u00e1ria MCL, s.r.o.Carlton Savoy & Courtyard Building | Mostov\u00e1 2, 811 02 Bratislava | +421 (2) 43 638 154\",\"breadcrumb\":{\"@id\":\"https:\/\/akmcl.sk\/en\/contact\/#breadcrumb\"},\"inLanguage\":\"en-US\",\"potentialAction\":[{\"@type\":\"ReadAction\",\"target\":[\"https:\/\/akmcl.sk\/en\/contact\/\"]}]},{\"@type\":\"BreadcrumbList\",\"@id\":\"https:\/\/akmcl.sk\/en\/contact\/#breadcrumb\",\"itemListElement\":[{\"@type\":\"ListItem\",\"position\":1,\"name\":\"Domovsk\u00e1 str\u00e1nka\",\"item\":\"https:\/\/akmcl.sk\/en\/\"},{\"@type\":\"ListItem\",\"position\":2,\"name\":\"CONTACT\"}]}]}<\/script>\n<!-- \/ Yoast SEO plugin. -->","yoast_head_json":{"title":"CONTACT - AKMCL","description":"Contact us - Advok\u00e1tska kancel\u00e1ria MCL, s.r.o.Carlton Savoy & Courtyard Building | Mostov\u00e1 2, 811 02 Bratislava | +421 (2) 43 638 154","robots":{"index":"index","follow":"follow","max-snippet":"max-snippet:-1","max-image-preview":"max-image-preview:large","max-video-preview":"max-video-preview:-1"},"canonical":"https:\/\/akmcl.sk\/en\/contact\/","og_locale":"en_US","og_type":"article","og_title":"CONTACT - AKMCL","og_description":"Contact us - Advok\u00e1tska kancel\u00e1ria MCL, s.r.o.Carlton Savoy & Courtyard Building | Mostov\u00e1 2, 811 02 Bratislava | +421 (2) 43 638 154","og_url":"https:\/\/akmcl.sk\/en\/contact\/","og_site_name":"AKMCL","article_publisher":"https:\/\/www.facebook.com\/advokatskakancelariamcl","article_modified_time":"2025-03-11T17:47:42+00:00","twitter_card":"summary_large_image","twitter_misc":{"Est. reading time":"1 minute"},"schema":{"@context":"https:\/\/schema.org","@graph":[{"@type":"Organization","@id":"https:\/\/akmcl.sk\/#organization","name":"Advok\u00e1tska kancel\u00e1ria MCL s.r.o.","url":"https:\/\/akmcl.sk\/","sameAs":["https:\/\/www.linkedin.com\/company\/advoktska-kancelria-mcl-s-r-o","https:\/\/www.facebook.com\/advokatskakancelariamcl"],"logo":{"@type":"ImageObject","inLanguage":"en-US","@id":"https:\/\/akmcl.sk\/#\/schema\/logo\/image\/","url":"https:\/\/akmcl.sk\/wp-content\/uploads\/2022\/05\/logo-akmcl-2.png","contentUrl":"https:\/\/akmcl.sk\/wp-content\/uploads\/2022\/05\/logo-akmcl-2.png","width":280,"height":129,"caption":"Advok\u00e1tska kancel\u00e1ria MCL s.r.o."},"image":{"@id":"https:\/\/akmcl.sk\/#\/schema\/logo\/image\/"}},{"@type":"WebSite","@id":"https:\/\/akmcl.sk\/#website","url":"https:\/\/akmcl.sk\/","name":"AKMCL","description":"Len \u010fal\u0161ia WordPress str\u00e1nka","publisher":{"@id":"https:\/\/akmcl.sk\/#organization"},"potentialAction":[{"@type":"SearchAction","target":{"@type":"EntryPoint","urlTemplate":"https:\/\/akmcl.sk\/?s={search_term_string}"},"query-input":"required name=search_term_string"}],"inLanguage":"en-US"},{"@type":"WebPage","@id":"https:\/\/akmcl.sk\/en\/contact\/#webpage","url":"https:\/\/akmcl.sk\/en\/contact\/","name":"CONTACT - AKMCL","isPartOf":{"@id":"https:\/\/akmcl.sk\/#website"},"datePublished":"2019-07-08T07:46:20+00:00","dateModified":"2025-03-11T17:47:42+00:00","description":"Contact us - Advok\u00e1tska kancel\u00e1ria MCL, s.r.o.Carlton Savoy & Courtyard Building | Mostov\u00e1 2, 811 02 Bratislava | +421 (2) 43 638 154","breadcrumb":{"@id":"https:\/\/akmcl.sk\/en\/contact\/#breadcrumb"},"inLanguage":"en-US","potentialAction":[{"@type":"ReadAction","target":["https:\/\/akmcl.sk\/en\/contact\/"]}]},{"@type":"BreadcrumbList","@id":"https:\/\/akmcl.sk\/en\/contact\/#breadcrumb","itemListElement":[{"@type":"ListItem","position":1,"name":"Domovsk\u00e1 str\u00e1nka","item":"https:\/\/akmcl.sk\/en\/"},{"@type":"ListItem","position":2,"name":"CONTACT"}]}]}},"_links":{"self":[{"href":"https:\/\/akmcl.sk\/en\/wp-json\/wp\/v2\/pages\/5725"}],"collection":[{"href":"https:\/\/akmcl.sk\/en\/wp-json\/wp\/v2\/pages"}],"about":[{"href":"https:\/\/akmcl.sk\/en\/wp-json\/wp\/v2\/types\/page"}],"author":[{"embeddable":true,"href":"https:\/\/akmcl.sk\/en\/wp-json\/wp\/v2\/users\/1"}],"replies":[{"embeddable":true,"href":"https:\/\/akmcl.sk\/en\/wp-json\/wp\/v2\/comments?post=5725"}],"version-history":[{"count":7,"href":"https:\/\/akmcl.sk\/en\/wp-json\/wp\/v2\/pages\/5725\/revisions"}],"predecessor-version":[{"id":6559,"href":"https:\/\/akmcl.sk\/en\/wp-json\/wp\/v2\/pages\/5725\/revisions\/6559"}],"wp:attachment":[{"href":"https:\/\/akmcl.sk\/en\/wp-json\/wp\/v2\/media?parent=5725"}],"curies":[{"name":"wp","href":"https:\/\/api.w.org\/{rel}","templated":true}]}}